{"id":205,"date":"2022-08-22T18:17:35","date_gmt":"2022-08-22T23:17:35","guid":{"rendered":"https:\/\/www.criaderolamarqueza.com\/?page_id=205"},"modified":"2022-08-22T18:52:06","modified_gmt":"2022-08-22T23:52:06","slug":"programa-academico","status":"publish","type":"page","link":"https:\/\/www.criaderolamarqueza.com\/en\/programa-academico\/","title":{"rendered":"Academic Program"},"content":{"rendered":"<div data-vc-full-width=\"true\" data-vc-full-width-init=\"false\" data-vc-stretch-content=\"true\" class=\"vc_row wpb_row vc_row-fluid vc_custom_1660802871898 vc_row-no-padding wd-rs-62fdd733f1203\"><div class=\"wpb_column vc_column_container vc_col-sm-12\"><div class=\"vc_column-inner\"><div class=\"wpb_wrapper\">\n\t\t\t<!-- START bannerprograma REVOLUTION SLIDER 6.5.30 --><p class=\"rs-p-wp-fix\"><\/p>\n\t\t\t<rs-module-wrap id=\"rev_slider_4_1_wrapper\" data-source=\"gallery\" style=\"visibility:hidden;background:transparent;padding:0;margin:0px auto;margin-top:0;margin-bottom:0;\">\n\t\t\t\t<rs-module id=\"rev_slider_4_1\" style=\"\" data-version=\"6.5.30\">\n\t\t\t\t\t<rs-slides>\n\t\t\t\t\t\t<rs-slide style=\"position: absolute;\" data-key=\"rs-6\" data-title=\"Slide\" data-in=\"o:0;\" data-out=\"a:false;\">\n\t\t\t\t\t\t\t<img decoding=\"async\" src=\"\/\/www.criaderolamarqueza.com\/wp-content\/plugins\/revslider\/public\/assets\/assets\/dummy.png\" alt=\"banner-programa\" width=\"1920\" height=\"591\" class=\"rev-slidebg tp-rs-img rs-lazyload\" data-lazyload=\"\/\/www.criaderolamarqueza.com\/wp-content\/uploads\/banner-programa-2.jpg\" data-no-retina>\n<!--\n\t\t\t\t\t\t\t--><h1\n\t\t\t\t\t\t\t\tid=\"slider-4-slide-6-layer-0\" \n\t\t\t\t\t\t\t\tclass=\"rs-layer\"\n\t\t\t\t\t\t\t\tdata-type=\"text\"\n\t\t\t\t\t\t\t\tdata-rsp_ch=\"on\"\n\t\t\t\t\t\t\t\tdata-xy=\"x:l,l,l,c;xo:100px,100px,100px,0;y:t,t,t,m;yo:173px,173px,173px,19px;\"\n\t\t\t\t\t\t\t\tdata-text=\"w:normal;s:100,100,100,51;l:121,121,121,62;fw:600;a:left,left,left,center;\"\n\t\t\t\t\t\t\t\tdata-frame_0=\"x:0,0,0,0px;y:0,0,0,0px;sX:0.9;sY:0.9;\"\n\t\t\t\t\t\t\t\tdata-frame_1=\"x:0,0,0,0px;y:0,0,0,0px;sp:1000;\"\n\t\t\t\t\t\t\t\tdata-frame_999=\"o:0;st:w;\"\n\t\t\t\t\t\t\t\tstyle=\"z-index:5;font-family:'Cormorant';text-transform:uppercase;\"\n\t\t\t\t\t\t\t>PROGRAMA <br \/>\nACAD\u00c9MICO \n\t\t\t\t\t\t\t<\/h1><!--\n\n\t\t\t\t\t\t\t--><rs-layer\n\t\t\t\t\t\t\t\tid=\"slider-4-slide-6-layer-1\" \n\t\t\t\t\t\t\t\tdata-type=\"shape\"\n\t\t\t\t\t\t\t\tdata-rsp_ch=\"on\"\n\t\t\t\t\t\t\t\tdata-xy=\"x:l,l,l,c;xo:100px,100px,100px,0;y:t,t,t,m;yo:428px,428px,428px,95px;\"\n\t\t\t\t\t\t\t\tdata-text=\"w:normal;s:20,20,20,4;l:0,0,0,6;\"\n\t\t\t\t\t\t\t\tdata-dim=\"w:262px;h:2px;\"\n\t\t\t\t\t\t\t\tdata-frame_0=\"x:-50,-50,-50,-11;\"\n\t\t\t\t\t\t\t\tdata-frame_1=\"sp:1000;\"\n\t\t\t\t\t\t\t\tdata-frame_999=\"o:0;st:w;\"\n\t\t\t\t\t\t\t\tstyle=\"z-index:6;background-color:#d9d9d9;\"\n\t\t\t\t\t\t\t> \n\t\t\t\t\t\t\t<\/rs-layer><!--\n\n\t\t\t\t\t\t\t--><rs-layer\n\t\t\t\t\t\t\t\tid=\"slider-4-slide-6-layer-2\" \n\t\t\t\t\t\t\t\tdata-type=\"text\"\n\t\t\t\t\t\t\t\tdata-rsp_ch=\"on\"\n\t\t\t\t\t\t\t\tdata-xy=\"x:l,l,l,c;xo:100px,100px,100px,0;y:t,t,t,m;yo:454px,454px,454px,135px;\"\n\t\t\t\t\t\t\t\tdata-text=\"w:normal;s:50,50,50,27;l:60,60,60,34;fw:700;\"\n\t\t\t\t\t\t\t\tdata-frame_0=\"x:0,0,0,0px;y:0,0,0,0px;\"\n\t\t\t\t\t\t\t\tdata-frame_1=\"x:0,0,0,0px;y:0,0,0,0px;\"\n\t\t\t\t\t\t\t\tdata-frame_999=\"o:0;st:w;\"\n\t\t\t\t\t\t\t\tstyle=\"z-index:7;font-family:'Cormorant';\"\n\t\t\t\t\t\t\t>La Marqueza \n\t\t\t\t\t\t\t<\/rs-layer><!--\n-->\t\t\t\t\t\t<\/rs-slide>\n\t\t\t\t\t<\/rs-slides>\n\t\t\t\t<\/rs-module>\n\t\t\t\t<script>\n\t\t\t\t\tsetREVStartSize({c: 'rev_slider_4_1',rl:[1240,1240,1240,480],el:[590,590,590,590],gw:[1920,1920,1920,480],gh:[590,590,590,590],type:'standard',justify:'',layout:'fullwidth',mh:\"0\"});if (window.RS_MODULES!==undefined && window.RS_MODULES.modules!==undefined && window.RS_MODULES.modules[\"revslider41\"]!==undefined) {window.RS_MODULES.modules[\"revslider41\"].once = false;window.revapi4 = undefined;if (window.RS_MODULES.checkMinimal!==undefined) window.RS_MODULES.checkMinimal()}\n\t\t\t\t<\/script>\n\t\t\t<\/rs-module-wrap>\n\t\t\t<!-- END REVOLUTION SLIDER -->\n<\/div><\/div><\/div><\/div><div class=\"vc_row-full-width vc_clearfix\"><\/div><div data-vc-full-width=\"true\" data-vc-full-width-init=\"false\" class=\"vc_row wpb_row vc_row-fluid vc_custom_1661207910130 vc_row-has-fill wd-bg-center-top wd-rs-63040547da782\"><div class=\"wpb_column vc_column_container vc_col-sm-12 wd-rs-630404fe614bc\"><div class=\"vc_column-inner vc_custom_1661207810759\"><div class=\"wpb_wrapper\">\n\t\t<div id=\"wd-63040e4ccba63\" class=\"title-wrapper wd-wpb set-mb-s reset-last-child  wd-rs-63040e4ccba63 wd-title-color-black wd-title-style-image text-center  wd-underline-colored\">\n\t\t\t\n\t\t\t<div class=\"liner-continer\">\n\t\t\t\t<h2 class=\"woodmart-title-container title  wd-font-weight-600 wd-fontsize-xxxl\" >Curriculum<\/h2>\n\t\t\t\t\t\t\t\t\t<div class=\"img-wrapper\"><img loading=\"lazy\" decoding=\"async\" width=\"631\" height=\"61\" src=\"https:\/\/www.criaderolamarqueza.com\/wp-content\/uploads\/img_titulo.png\" class=\"attachment-full\" alt=\"\" title=\"\" srcset=\"https:\/\/www.criaderolamarqueza.com\/wp-content\/uploads\/img_titulo.png 631w, https:\/\/www.criaderolamarqueza.com\/wp-content\/uploads\/img_titulo-300x29.png 300w, https:\/\/www.criaderolamarqueza.com\/wp-content\/uploads\/img_titulo-150x15.png 150w, https:\/\/www.criaderolamarqueza.com\/wp-content\/uploads\/img_titulo-600x58.png 600w\" sizes=\"auto, (max-width: 631px) 100vw, 631px\" \/><\/div>\t\t\t\t\t\t\t<\/div>\n\t\t\t\n\t\t\t\n\t\t\t\n\t\t<\/div>\n\t\t\n\t\t<div class=\"vc_empty_space\"   style=\"height: 32px\"><span class=\"vc_empty_space_inner\"><\/span><\/div>\n\t<div class=\"wpb_text_column wpb_content_element\" >\n\t\t<div class=\"wpb_wrapper\">\n\t\t\t<p>Respondiendo al plan de estudios y en relaci\u00f3n directa con los objetivos del mismo, se contribuye al proceso de desarrollo disciplinar en la c\u00e1tedra Cl\u00ednica, Terap\u00e9utica y Reproducci\u00f3n de Equinos gracias a que los estudiantes pondr\u00e1n en pr\u00e1ctica y conjugar\u00e1n lo aprendido durante toda la carrera en las c\u00e1tedras relacionadas con la biolog\u00eda y la medicina, tales como anatom\u00eda, fisiolog\u00eda, patolog\u00edas general, sist\u00e9mica y cl\u00ednica, parasitolog\u00eda, infectolog\u00eda, farmacolog\u00eda, reproducci\u00f3n y medicina interna de equinos, mediante aproximaci\u00f3n cl\u00ednica a casos reales de equinos en campo, lo cual permite a los estudiantes desarrollar las competencias requeridas para desenvolverse asertivamente en ejercicio de su profesi\u00f3n como m\u00e9dicos veterinarios en t\u00e9rminos de Cl\u00ednica, Terap\u00e9utica y Reproducci\u00f3n de Equinos.<\/p>\n\n\t\t<\/div>\n\t<\/div>\n<div class=\"vc_empty_space\"   style=\"height: 32px\"><span class=\"vc_empty_space_inner\"><\/span><\/div>\n\t<div class=\"wpb_text_column wpb_content_element\" >\n\t\t<div class=\"wpb_wrapper\">\n\t\t\t<a href=\"https:\/\/www.criaderolamarqueza.com\/wp-content\/uploads\/ZQPKBEFFAR_20220221151924.pdf\" class=\"pdfemb-viewer\" style=\"\" data-width=\"max\" data-height=\"max\" data-toolbar=\"top\" data-toolbar-fixed=\"on\">ZQPKBEFFAR_20220221151924<\/a>\n\n\t\t<\/div>\n\t<\/div>\n<\/div><\/div><\/div><\/div><div class=\"vc_row-full-width vc_clearfix\"><\/div><div data-vc-full-width=\"true\" data-vc-full-width-init=\"false\" class=\"vc_row wpb_row vc_row-fluid vc_custom_1661211172040 vc_row-has-fill wd-bg-center-top wd-rs-6304120fecb48\"><div class=\"wpb_column vc_column_container vc_col-sm-12 wd-rs-62fde47b1323e\"><div class=\"vc_column-inner vc_custom_1660806272553\"><div class=\"wpb_wrapper\">\n\t\t<div id=\"wd-6304122681b6b\" class=\"title-wrapper wd-wpb set-mb-s reset-last-child  wd-rs-6304122681b6b wd-title-color-black wd-title-style-image text-center  wd-underline-colored\">\n\t\t\t\n\t\t\t<div class=\"liner-continer\">\n\t\t\t\t<h3 class=\"woodmart-title-container title  wd-font-weight-600 wd-fontsize-xxxl\" >Exalumnos<\/h3>\n\t\t\t\t\t\t\t\t\t<div class=\"img-wrapper\"><img loading=\"lazy\" decoding=\"async\" width=\"631\" height=\"61\" src=\"https:\/\/www.criaderolamarqueza.com\/wp-content\/uploads\/img_titulo.png\" class=\"attachment-full\" alt=\"\" title=\"\" srcset=\"https:\/\/www.criaderolamarqueza.com\/wp-content\/uploads\/img_titulo.png 631w, https:\/\/www.criaderolamarqueza.com\/wp-content\/uploads\/img_titulo-300x29.png 300w, https:\/\/www.criaderolamarqueza.com\/wp-content\/uploads\/img_titulo-150x15.png 150w, https:\/\/www.criaderolamarqueza.com\/wp-content\/uploads\/img_titulo-600x58.png 600w\" sizes=\"auto, (max-width: 631px) 100vw, 631px\" \/><\/div>\t\t\t\t\t\t\t<\/div>\n\t\t\t\n\t\t\t\n\t\t\t\n\t\t<\/div>\n\t\t\n\t\t<div class=\"vc_empty_space\"   style=\"height: 32px\"><span class=\"vc_empty_space_inner\"><\/span><\/div>\n\t<div class=\"wpb_text_column wpb_content_element\" >\n\t\t<div class=\"wpb_wrapper\">\n\t\t\t\n<table id=\"tablepress-1\" class=\"tablepress tablepress-id-1\">\n<thead>\n<tr class=\"row-1\">\n\t<th class=\"column-1\">ESTUDIANTE<\/th><th class=\"column-2\">UNIVERSIDAD<\/th><th class=\"column-3\">TEMA<\/th><th class=\"column-4\">PA\u00cdS<\/th>\n<\/tr>\n<\/thead>\n<tbody class=\"row-hover\">\n<tr class=\"row-2\">\n\t<td class=\"column-1\">Aurora Sof\u00eda Rodriguez<\/td><td class=\"column-2\">UNPHU<\/td><td class=\"column-3\">Corticoerteroides y su desarrollo<\/td><td class=\"column-4\">Rep\u00fablica Dominicana<\/td>\n<\/tr>\n<tr class=\"row-3\">\n\t<td class=\"column-1\">Baldy Ernesto Cabrera Ru\u00edz<\/td><td class=\"column-2\">Central del Este<\/td><td class=\"column-3\">Placentitis. Causas, diagn\u00f3stico<\/td><td class=\"column-4\">Rep\u00fablica Dominicana<\/td>\n<\/tr>\n<tr class=\"row-4\">\n\t<td class=\"column-1\">Ezthauris D\u00edaz<\/td><td class=\"column-2\">Aut\u00f3noma de Santo Domingo<\/td><td class=\"column-3\">Artritis s\u00e9ptica<\/td><td class=\"column-4\">Rep\u00fablica Dominicana<\/td>\n<\/tr>\n<tr class=\"row-5\">\n\t<td class=\"column-1\">Kanaris Duran<\/td><td class=\"column-2\">UNPHU<\/td><td class=\"column-3\">La infisura o laminitis<\/td><td class=\"column-4\">Rep\u00fablica Dominicana<\/td>\n<\/tr>\n<tr class=\"row-6\">\n\t<td class=\"column-1\">Laura Nicole Roja<\/td><td class=\"column-2\">UNPHU<\/td><td class=\"column-3\">Protocolo de diarrea en potros<\/td><td class=\"column-4\">Rep\u00fablica Dominicana<\/td>\n<\/tr>\n<tr class=\"row-7\">\n\t<td class=\"column-1\">Mariela Da Silva<\/td><td class=\"column-2\">UNPHU<\/td><td class=\"column-3\">Piometr\u00eda<\/td><td class=\"column-4\">Rep\u00fablica Dominicana<\/td>\n<\/tr>\n<tr class=\"row-8\">\n\t<td class=\"column-1\">Michelle Sanchez Castillo<\/td><td class=\"column-2\">UNPHU<\/td><td class=\"column-3\">Gruia de congelaci\u00f3n de semen<\/td><td class=\"column-4\">Rep\u00fablica Dominicana<\/td>\n<\/tr>\n<tr class=\"row-9\">\n\t<td class=\"column-1\">Madeline Medina<\/td><td class=\"column-2\">UNPHU<\/td><td class=\"column-3\">Manejo de la pre y post parto<\/td><td class=\"column-4\">Rep\u00fablica Dominicana<\/td>\n<\/tr>\n<tr class=\"row-10\">\n\t<td class=\"column-1\">\u00d3scar Albero Casas Camacho<\/td><td class=\"column-2\">Antonio Nari\u00f1o<\/td><td class=\"column-3\">Urosperma<\/td><td class=\"column-4\">Colombia<\/td>\n<\/tr>\n<\/tbody>\n<\/table>\n<!-- #tablepress-1 from cache -->\n\n\t\t<\/div>\n\t<\/div>\n<div class=\"vc_empty_space\"   style=\"height: 64px\"><span class=\"vc_empty_space_inner\"><\/span><\/div>\n\t\t<div id=\"wd-630414ee17577\" class=\"title-wrapper wd-wpb set-mb-s reset-last-child  wd-rs-630414ee17577 wd-title-color-black wd-title-style-image text-center  wd-underline-colored\">\n\t\t\t\n\t\t\t<div class=\"liner-continer\">\n\t\t\t\t<h4 class=\"woodmart-title-container title  wd-font-weight-600 wd-fontsize-xxxl\" >Programa acad\u00e9mico<\/h4>\n\t\t\t\t\t\t\t\t\t<div class=\"img-wrapper\"><img loading=\"lazy\" decoding=\"async\" width=\"631\" height=\"61\" src=\"https:\/\/www.criaderolamarqueza.com\/wp-content\/uploads\/img_titulo.png\" class=\"attachment-full\" alt=\"\" title=\"\" srcset=\"https:\/\/www.criaderolamarqueza.com\/wp-content\/uploads\/img_titulo.png 631w, https:\/\/www.criaderolamarqueza.com\/wp-content\/uploads\/img_titulo-300x29.png 300w, https:\/\/www.criaderolamarqueza.com\/wp-content\/uploads\/img_titulo-150x15.png 150w, https:\/\/www.criaderolamarqueza.com\/wp-content\/uploads\/img_titulo-600x58.png 600w\" sizes=\"auto, (max-width: 631px) 100vw, 631px\" \/><\/div>\t\t\t\t\t\t\t<\/div>\n\t\t\t\n\t\t\t\n\t\t\t\n\t\t<\/div>\n\t\t\n\t\t<div class=\"vc_empty_space\"   style=\"height: 32px\"><span class=\"vc_empty_space_inner\"><\/span><\/div>\n\t\t<ul class=\" wd-rs-630415b769346 wd-list wd-wpb color-scheme-custom wd-fontsize-m wd-list-type-icon wd-list-style-default wd-justify-left \" id=\"wd-630415b769346\">\n\t\t\t\t\t\t\t\t\t\t\t<li>\n\t\t\t\t\t<span class=\"list-icon fas fa-download\"><\/span>\n\t\t\t\t\t<span class=\"list-content\">Manejo pre y post parto en el Criadero La Marqueza<\/span>\n\t\t\t\t\t\t\t\t\t\t\t<a class=\"wd-fill\" href=\"https:\/\/www.criaderolamarqueza.com\/files\/files\/WLHFEAANPL_20220211023755.pdf\" title=\"\" target=\"_blank\" aria-label=\"List link\"><\/a>\n\t\t\t\t\t\t\t\t\t<\/li>\n\t\t\t\t\t\t\t\t\t\t\t<li>\n\t\t\t\t\t<span class=\"list-icon fas fa-download\"><\/span>\n\t\t\t\t\t<span class=\"list-content\">Artritis S\u00e9ptica en Potros<\/span>\n\t\t\t\t\t\t\t\t\t\t\t<a class=\"wd-fill\" href=\"https:\/\/www.criaderolamarqueza.com\/files\/files\/LXWENKXYFJ_20220211023830.pdf\" title=\"\" target=\"_blank\" aria-label=\"List link\"><\/a>\n\t\t\t\t\t\t\t\t\t<\/li>\n\t\t\t\t\t\t\t\t\t\t\t<li>\n\t\t\t\t\t<span class=\"list-icon fas fa-download\"><\/span>\n\t\t\t\t\t<span class=\"list-content\">La Infosura o Laminitis<\/span>\n\t\t\t\t\t\t\t\t\t\t\t<a class=\"wd-fill\" href=\"https:\/\/www.criaderolamarqueza.com\/files\/files\/LXZYECNPTY_20220211024104.pdf\" title=\"\" target=\"_blank\" aria-label=\"List link\"><\/a>\n\t\t\t\t\t\t\t\t\t<\/li>\n\t\t\t\t\t\t\t\t\t\t\t<li>\n\t\t\t\t\t<span class=\"list-icon fas fa-download\"><\/span>\n\t\t\t\t\t<span class=\"list-content\">Corticoesteroides y su relaci\u00f3n con el desarrollo de laminitis en equinos adultos<\/span>\n\t\t\t\t\t\t\t\t\t\t\t<a class=\"wd-fill\" href=\"https:\/\/www.criaderolamarqueza.com\/files\/files\/TBRQKXHTWB_20220211024133.pdf\" title=\"\" target=\"_blank\" aria-label=\"List link\"><\/a>\n\t\t\t\t\t\t\t\t\t<\/li>\n\t\t\t\t\t\t\t\t\t\t\t<li>\n\t\t\t\t\t<span class=\"list-icon fas fa-download\"><\/span>\n\t\t\t\t\t<span class=\"list-content\">Piometr\u00eda Equina<\/span>\n\t\t\t\t\t\t\t\t\t\t\t<a class=\"wd-fill\" href=\"https:\/\/www.criaderolamarqueza.com\/files\/files\/WNBLTDMHQN_20220211024220.pdf\" title=\"\" target=\"_blank\" aria-label=\"List link\"><\/a>\n\t\t\t\t\t\t\t\t\t<\/li>\n\t\t\t\t\t\t\t\t\t\t\t<li>\n\t\t\t\t\t<span class=\"list-icon fas fa-download\"><\/span>\n\t\t\t\t\t<span class=\"list-content\">Gu\u00eda de congelaci\u00f3n de semen equino en el Centro Gen\u00e9tica Superios Criadero La Marqueza<\/span>\n\t\t\t\t\t\t\t\t\t\t\t<a class=\"wd-fill\" href=\"https:\/\/www.criaderolamarqueza.com\/files\/files\/HCTKUPCDQH_20220211024301.pdf\" title=\"\" target=\"_blank\" aria-label=\"List link\"><\/a>\n\t\t\t\t\t\t\t\t\t<\/li>\n\t\t\t\t\t\t\t\t\t\t\t<li>\n\t\t\t\t\t<span class=\"list-icon fas fa-download\"><\/span>\n\t\t\t\t\t<span class=\"list-content\">Protocolo de Diarrea en Potros<\/span>\n\t\t\t\t\t\t\t\t\t\t\t<a class=\"wd-fill\" href=\"https:\/\/www.criaderolamarqueza.com\/files\/files\/EHMFZMTERK_20220211024330.pdf\" title=\"\" target=\"_blank\" aria-label=\"List link\"><\/a>\n\t\t\t\t\t\t\t\t\t<\/li>\n\t\t\t\t\t\t\t\t\t\t\t<li>\n\t\t\t\t\t<span class=\"list-icon fas fa-download\"><\/span>\n\t\t\t\t\t<span class=\"list-content\">Placentitis, causas, diagn\u00f3stico y tratamiento<\/span>\n\t\t\t\t\t\t\t\t\t\t\t<a class=\"wd-fill\" href=\"https:\/\/www.criaderolamarqueza.com\/files\/files\/TYZXPKALWT_20220211024421.pdf\" title=\"\" target=\"_blank\" aria-label=\"List link\"><\/a>\n\t\t\t\t\t\t\t\t\t<\/li>\n\t\t\t\t\t\t\t\t\t\t\t<li>\n\t\t\t\t\t<span class=\"list-icon fas fa-download\"><\/span>\n\t\t\t\t\t<span class=\"list-content\">Urosperma<\/span>\n\t\t\t\t\t\t\t\t\t\t\t<a class=\"wd-fill\" href=\"https:\/\/www.criaderolamarqueza.com\/files\/files\/AUWTYHQCUA_20220211024441.pdf\" title=\"\" target=\"_blank\" aria-label=\"List link\"><\/a>\n\t\t\t\t\t\t\t\t\t<\/li>\n\t\t\t\t\t\t\t\t\t\t\t<li>\n\t\t\t\t\t<span class=\"list-icon fas fa-download\"><\/span>\n\t\t\t\t\t<span class=\"list-content\">Pensum Acad\u00e9mico<\/span>\n\t\t\t\t\t\t\t\t\t\t\t<a class=\"wd-fill\" href=\"https:\/\/www.criaderolamarqueza.com\/files\/files\/ZQPKBEFFAR_20220221151924.pdf\" title=\"\" target=\"_blank\" aria-label=\"List link\"><\/a>\n\t\t\t\t\t\t\t\t\t<\/li>\n\t\t\t\t\t<\/ul>\n\t\t<\/div><\/div><\/div><\/div><div class=\"vc_row-full-width vc_clearfix\"><\/div>\n","protected":false},"excerpt":{"rendered":"PROGRAMA ACAD\u00c9MICO La Marqueza Curriculum Respondiendo al plan de estudios y en relaci\u00f3n directa con los objetivos del mismo, se","protected":false},"author":1,"featured_media":0,"parent":0,"menu_order":0,"comment_status":"closed","ping_status":"closed","template":"","meta":{"footnotes":""},"class_list":["post-205","page","type-page","status-publish","hentry"],"_links":{"self":[{"href":"https:\/\/www.criaderolamarqueza.com\/en\/wp-json\/wp\/v2\/pages\/205","targetHints":{"allow":["GET"]}}],"collection":[{"href":"https:\/\/www.criaderolamarqueza.com\/en\/wp-json\/wp\/v2\/pages"}],"about":[{"href":"https:\/\/www.criaderolamarqueza.com\/en\/wp-json\/wp\/v2\/types\/page"}],"author":[{"embeddable":true,"href":"https:\/\/www.criaderolamarqueza.com\/en\/wp-json\/wp\/v2\/users\/1"}],"replies":[{"embeddable":true,"href":"https:\/\/www.criaderolamarqueza.com\/en\/wp-json\/wp\/v2\/comments?post=205"}],"version-history":[{"count":8,"href":"https:\/\/www.criaderolamarqueza.com\/en\/wp-json\/wp\/v2\/pages\/205\/revisions"}],"predecessor-version":[{"id":218,"href":"https:\/\/www.criaderolamarqueza.com\/en\/wp-json\/wp\/v2\/pages\/205\/revisions\/218"}],"wp:attachment":[{"href":"https:\/\/www.criaderolamarqueza.com\/en\/wp-json\/wp\/v2\/media?parent=205"}],"curies":[{"name":"wp","href":"https:\/\/api.w.org\/{rel}","templated":true}]}}