{"id":9383,"date":"2024-07-29T16:39:06","date_gmt":"2024-07-29T21:39:06","guid":{"rendered":"https:\/\/www.criaderolamarqueza.com\/?page_id=9383"},"modified":"2024-07-29T16:39:06","modified_gmt":"2024-07-29T21:39:06","slug":"terminos-y-condiciones","status":"publish","type":"page","link":"https:\/\/www.criaderolamarqueza.com\/en\/terminos-y-condiciones\/","title":{"rendered":"Terminos y Condiciones"},"content":{"rendered":"<div class=\"vc_row wpb_row vc_row-fluid\"><div class=\"wpb_column vc_column_container vc_col-sm-12\"><div class=\"vc_column-inner\"><div class=\"wpb_wrapper\">\n\t\t<div id=\"wd-66a80aa2cbf5f\" class=\"title-wrapper wd-wpb set-mb-s reset-last-child  wd-rs-66a80aa2cbf5f wd-title-color-default wd-title-style-default text-center  wd-underline-colored\">\n\t\t\t\n\t\t\t<div class=\"liner-continer\">\n\t\t\t\t<h4 class=\"woodmart-title-container title  wd-font-weight- wd-fontsize-l\" >Terminos y Condiciones<\/h4>\n\t\t\t\t\t\t\t<\/div>\n\t\t\t\n\t\t\t\n\t\t\t\n\t\t<\/div>\n\t\t\n\t\t<div class=\"vc_empty_space\"   style=\"height: 50px\"><span class=\"vc_empty_space_inner\"><\/span><\/div>\n\t<div class=\"wpb_text_column wpb_content_element\" >\n\t\t<div class=\"wpb_wrapper\">\n\t\t\t<p>El titular de los datos personales autoriza a \u00a8NOMBRE DE SOCIEDAD LA MARQUEZA Y DIRECCI\u00d3N REGISTRADA\u00a8 para recolectar, almacenar, conservar, usar, suprimir, actualizar, sus datos personales de orden demogr\u00e1fico, econ\u00f3mico, de servicios, comercial, de contacto, y de localizaci\u00f3n; para obtenci\u00f3n y suministro de informaci\u00f3n relativa al cumplimiento de sus obligaciones y el c\u00e1lculo de riesgo econ\u00f3mico o crediticio (de manera irrevocable), para campa\u00f1as comerciales, publicitarias o de cobranza a trav\u00e9s de los siguientes medios: correo electr\u00f3nico, mensajes cortos, llamadas telef\u00f3nicas, mensajer\u00eda por aplicaciones o web, y dem\u00e1s que en el futuro implemente CRIADERO LA MARQUEZA como canales de contacto; para la publicaci\u00f3n de directorios telef\u00f3nicos, la prevenci\u00f3n y control de fraudes, y para beneficio propio o de terceros con los que CRIADERO LA MARQUEZA haya celebrado convenio para env\u00edo y recepci\u00f3n de cualquier tipo de informaci\u00f3n, con fines comerciales o publicitarios en Colombia o en el exterior. La informaci\u00f3n para el c\u00e1lculo de riesgo crediticio podr\u00e1 ser consultada en cualquier operador de banco de datos, por las entidades financieras con las cuales CRIADERO LA MARQUEZA celebre convenios comerciales en favor de los titulares. Los datos ser\u00e1n tratados de conformidad con las Pol\u00edticas para el Tratamiento de Datos Personales que se encuentran a disposici\u00f3n de los interesados y\/o titulares de los datos en la p\u00e1gina web www.criaderolamarqueza.com El titular de los datos tiene derecho de conocer, actualizar, rectificar, suprimir los datos, y revocar la autorizaci\u00f3n salvo las excepciones\u00a0legales.<\/p>\n\n\t\t<\/div>\n\t<\/div>\n<\/div><\/div><\/div><\/div>","protected":false},"excerpt":{"rendered":"Terminos y Condiciones El titular de los datos personales autoriza a \u00a8NOMBRE DE SOCIEDAD LA MARQUEZA Y DIRECCI\u00d3N REGISTRADA\u00a8 para","protected":false},"author":1,"featured_media":534,"parent":0,"menu_order":0,"comment_status":"closed","ping_status":"closed","template":"","meta":{"footnotes":""},"class_list":["post-9383","page","type-page","status-publish","has-post-thumbnail","hentry"],"_links":{"self":[{"href":"https:\/\/www.criaderolamarqueza.com\/en\/wp-json\/wp\/v2\/pages\/9383","targetHints":{"allow":["GET"]}}],"collection":[{"href":"https:\/\/www.criaderolamarqueza.com\/en\/wp-json\/wp\/v2\/pages"}],"about":[{"href":"https:\/\/www.criaderolamarqueza.com\/en\/wp-json\/wp\/v2\/types\/page"}],"author":[{"embeddable":true,"href":"https:\/\/www.criaderolamarqueza.com\/en\/wp-json\/wp\/v2\/users\/1"}],"replies":[{"embeddable":true,"href":"https:\/\/www.criaderolamarqueza.com\/en\/wp-json\/wp\/v2\/comments?post=9383"}],"version-history":[{"count":1,"href":"https:\/\/www.criaderolamarqueza.com\/en\/wp-json\/wp\/v2\/pages\/9383\/revisions"}],"predecessor-version":[{"id":9384,"href":"https:\/\/www.criaderolamarqueza.com\/en\/wp-json\/wp\/v2\/pages\/9383\/revisions\/9384"}],"wp:featuredmedia":[{"embeddable":true,"href":"https:\/\/www.criaderolamarqueza.com\/en\/wp-json\/wp\/v2\/media\/534"}],"wp:attachment":[{"href":"https:\/\/www.criaderolamarqueza.com\/en\/wp-json\/wp\/v2\/media?parent=9383"}],"curies":[{"name":"wp","href":"https:\/\/api.w.org\/{rel}","templated":true}]}}