{"id":12325,"date":"2025-02-15T10:29:36","date_gmt":"2025-02-15T15:29:36","guid":{"rendered":"https:\/\/www.criaderolamarqueza.com\/?post_type=product&#038;p=12325"},"modified":"2025-02-15T10:39:11","modified_gmt":"2025-02-15T15:39:11","slug":"millonaria-ii-de-la-marqueza","status":"publish","type":"product","link":"https:\/\/www.criaderolamarqueza.com\/en\/product\/millonaria-ii-de-la-marqueza\/","title":{"rendered":"MILLONARIA II DE LA MARQUEZA"},"content":{"rendered":"<div data-vc-full-width=\"true\" data-vc-full-width-init=\"false\" class=\"vc_row wpb_row vc_row-fluid vc_custom_1661228240978 vc_row-has-fill wd-rs-630454c3bb6c5\"><div class=\"wpb_column vc_column_container vc_col-sm-12\"><div class=\"vc_column-inner\"><div class=\"wpb_wrapper\"><div class=\"vc_row wpb_row vc_inner vc_row-fluid vc_column-gap-20 wd-rs-6304549f78a52\"><div class=\"wpb_column vc_column_container vc_col-sm-12\"><div class=\"vc_column-inner\"><div class=\"wpb_wrapper\">\n\t<div class=\"wpb_text_column wpb_content_element\" >\n\t\t<div class=\"wpb_wrapper\">\n\t\t\t<p><span style=\"font-weight: 400;\">Hija de Millonario de La Marqueza qui\u00e9n es hijo de Millonario de JH en la gran\u00a0 campeona Y gran reproductora la Aurora de hh, la Aurora de hh catalogada como la yegua\u00a0 m\u00e1s ganadora de la historia y la mejor reproductora con estabilidad para producir campeones en sus ascendientes y sus descendientes por m\u00e1s de seis generaciones,\u00a0 la millonaria II de la Marqueza es hija de la faraona de\u00a0 do\u00f1a Lola quien es una yegua extraordinaria con una mec\u00e1nica espectacular en El Paso Fino Qui\u00e9n es hija de Joyero tercero el gran campe\u00f3n mundial varias veces en la famosa imaginaci\u00f3n de do\u00f1a Lola quienes a su vez\u00a0 la madre del Gran campe\u00f3n mundial Sublime de do\u00f1a Lola,\u00a0 la millonaria II de la marqueza posee un fenotipo\u00a0 espectacular con una mec\u00e1nica y un timbre al andar con naturalidad en El Paso Fino con un factor x materno reforzado por tres generaciones de campeonas o reproductoras probadas lo que convierte a millonaria 2 de La marqueza en una donante con estabilidad gen\u00e9tica de Campeones que producen campeones<\/span><\/p>\n\n\t\t<\/div>\n\t<\/div>\n<\/div><\/div><\/div><\/div><\/div><\/div><\/div><\/div><div class=\"vc_row-full-width vc_clearfix\"><\/div><div data-vc-full-width=\"true\" data-vc-full-width-init=\"false\" class=\"vc_row wpb_row vc_row-fluid vc_custom_1702872945406 vc_row-has-fill wd-parallax woodmart-parallax wd-bg-center-top wd-rs-657fc76ad3cab\"><div class=\"wpb_column vc_column_container vc_col-sm-12 wd-rs-630456263612b\"><div class=\"vc_column-inner vc_custom_1661228600377\"><div class=\"wpb_wrapper\">\n\t\t<div id=\"wd-630456a8309c5\" class=\"title-wrapper wd-wpb set-mb-s reset-last-child  wd-rs-630456a8309c5 wd-title-color-default wd-title-style-default text-left  wd-underline-colored\">\n\t\t\t\n\t\t\t<div class=\"liner-continer\">\n\t\t\t\t<h4 class=\"woodmart-title-container title  wd-font-weight-700 wd-fontsize-xxl\" >Genealog\u00eda<\/h4>\n\t\t\t\t\t\t\t<\/div>\n\t\t\t\n\t\t\t\n\t\t\t\n\t\t<\/div>\n\t\t\n\t\t<div class=\"vc_row wpb_row vc_inner vc_row-fluid mq-genealogia vc_column-gap-20 vc_row-o-content-middle vc_row-flex wd-rs-657fc7647e5f4\"><div class=\"wpb_column vc_column_container vc_col-sm-4 vc_col-has-fill wd-rs-6304573b28867\"><div class=\"vc_column-inner vc_custom_1661228888273\"><div class=\"wpb_wrapper\"><h6 style=\"font-size: 25px;color: #000000;line-height: 30px;text-align: left\" class=\"vc_custom_heading\" >Millonaria II de la Marqueza<\/h6><\/div><\/div><\/div><div class=\"wpb_column vc_column_container vc_col-sm-4 vc_col-has-fill wd-rs-6304575b0986e\"><div class=\"vc_column-inner vc_custom_1661228910289\"><div class=\"wpb_wrapper\"><p style=\"font-size: 20px;color: #000000;line-height: 30px;text-align: center\" class=\"vc_custom_heading\" >Millonario de la Marqueza<\/p><div class=\"vc_empty_space\"   style=\"height: 120px\"><span class=\"vc_empty_space_inner\"><\/span><\/div><p style=\"font-size: 20px;color: #000000;line-height: 30px;text-align: center\" class=\"vc_custom_heading\" >Faraona de do\u00f1a lola<\/p><\/div><\/div><\/div><div class=\"wpb_column vc_column_container vc_col-sm-4 wd-rs-630457716dd89\"><div class=\"vc_column-inner vc_custom_1661228923201\"><div class=\"wpb_wrapper\"><p style=\"font-size: 20px;color: #000000;line-height: 30px;text-align: right\" class=\"vc_custom_heading\" >Millonario de JH<\/p><div class=\"vc_empty_space\"   style=\"height: 62px\"><span class=\"vc_empty_space_inner\"><\/span><\/div><p style=\"font-size: 20px;color: #000000;line-height: 30px;text-align: right\" class=\"vc_custom_heading\" >Aurora de HH<\/p><div class=\"vc_empty_space\"   style=\"height: 62px\"><span class=\"vc_empty_space_inner\"><\/span><\/div><p style=\"font-size: 20px;color: #000000;line-height: 30px;text-align: right\" class=\"vc_custom_heading\" >Joyero III<\/p><div class=\"vc_empty_space\"   style=\"height: 62px\"><span class=\"vc_empty_space_inner\"><\/span><\/div><p style=\"font-size: 20px;color: #000000;line-height: 30px;text-align: right\" class=\"vc_custom_heading\" >Imaginaci\u00f3n de Do\u00f1a Lola<\/p><\/div><\/div><\/div><\/div><div class=\"vc_empty_space\"   style=\"height: 62px\"><span class=\"vc_empty_space_inner\"><\/span><\/div><\/div><\/div><\/div><\/div><div class=\"vc_row-full-width vc_clearfix\"><\/div><div class=\"vc_row wpb_row vc_row-fluid\"><div class=\"wpb_column vc_column_container vc_col-sm-12\"><div class=\"vc_column-inner\"><div class=\"wpb_wrapper\">\n\t\t<div id=\"wd-65ff13660d30f\" class=\"title-wrapper wd-wpb set-mb-s reset-last-child  wd-rs-65ff13660d30f wd-title-color-default wd-title-style-default text-left  wd-underline-colored\">\n\t\t\t\n\t\t\t<div class=\"liner-continer\">\n\t\t\t\t<h4 class=\"woodmart-title-container title  wd-font-weight-700 wd-fontsize-xxl\" >Videos<\/h4>\n\t\t\t\t\t\t\t<\/div>\n\t\t\t\n\t\t\t\n\t\t\t\n\t\t<\/div>\n\t\t\n\t\t<div class=\"vc_row wpb_row vc_inner vc_row-fluid\"><div class=\"wpb_column vc_column_container vc_col-sm-12\"><div class=\"vc_column-inner\"><div class=\"wpb_wrapper\">\n\t<div class=\"wpb_video_widget wpb_content_element vc_clearfix vc_video-aspect-ratio-169 vc_video-el-width-100 vc_video-align-left\" >\n\t\t<div class=\"wpb_wrapper\">\n\t\t\t\n\t\t\t<div class=\"wpb_video_wrapper\"><iframe loading=\"lazy\" title=\"MILLONARIA II DE LA MARQUEZA\" width=\"500\" height=\"281\" src=\"https:\/\/www.youtube.com\/embed\/bOoTrO3uyhE?feature=oembed\" frameborder=\"0\" allow=\"accelerometer; autoplay; clipboard-write; encrypted-media; gyroscope; picture-in-picture; web-share\" referrerpolicy=\"strict-origin-when-cross-origin\" allowfullscreen><\/iframe><\/div>\n\t\t<\/div>\n\t<\/div>\n<\/div><\/div><\/div><\/div><\/div><\/div><\/div><\/div>","protected":false},"excerpt":{"rendered":"<p><strong>Andar:<\/strong> Paso Fino (P4)<\/p>\n<p><strong>Fecha de nacimiento:\u00a0<\/strong>2020-10-20<\/p>\n<p><strong>Sexo:<\/strong> H.<\/p>\n<p><strong>Alzada:<\/strong> 1,40m<\/p>","protected":false},"featured_media":12327,"template":"","meta":[],"product_brand":[],"product_cat":[23,18],"product_tag":[],"class_list":{"0":"post-12325","1":"product","2":"type-product","3":"status-publish","4":"has-post-thumbnail","6":"product_cat-paso-fino-colombiano","7":"product_cat-yeguas-donantes","9":"first","10":"instock","11":"shipping-taxable","12":"product-type-simple"},"_links":{"self":[{"href":"https:\/\/www.criaderolamarqueza.com\/en\/wp-json\/wp\/v2\/product\/12325","targetHints":{"allow":["GET"]}}],"collection":[{"href":"https:\/\/www.criaderolamarqueza.com\/en\/wp-json\/wp\/v2\/product"}],"about":[{"href":"https:\/\/www.criaderolamarqueza.com\/en\/wp-json\/wp\/v2\/types\/product"}],"wp:featuredmedia":[{"embeddable":true,"href":"https:\/\/www.criaderolamarqueza.com\/en\/wp-json\/wp\/v2\/media\/12327"}],"wp:attachment":[{"href":"https:\/\/www.criaderolamarqueza.com\/en\/wp-json\/wp\/v2\/media?parent=12325"}],"wp:term":[{"taxonomy":"product_brand","embeddable":true,"href":"https:\/\/www.criaderolamarqueza.com\/en\/wp-json\/wp\/v2\/product_brand?post=12325"},{"taxonomy":"product_cat","embeddable":true,"href":"https:\/\/www.criaderolamarqueza.com\/en\/wp-json\/wp\/v2\/product_cat?post=12325"},{"taxonomy":"product_tag","embeddable":true,"href":"https:\/\/www.criaderolamarqueza.com\/en\/wp-json\/wp\/v2\/product_tag?post=12325"}],"curies":[{"name":"wp","href":"https:\/\/api.w.org\/{rel}","templated":true}]}}