{"id":16207,"date":"2025-11-14T13:51:23","date_gmt":"2025-11-14T18:51:23","guid":{"rendered":"https:\/\/www.criaderolamarqueza.com\/?post_type=product&#038;p=16207"},"modified":"2025-11-14T13:57:03","modified_gmt":"2025-11-14T18:57:03","slug":"presentimiento-de-la-cristalina","status":"publish","type":"product","link":"https:\/\/www.criaderolamarqueza.com\/en\/product\/presentimiento-de-la-cristalina\/","title":{"rendered":"PRESENTIMIENTO DE LA CRISTALINA"},"content":{"rendered":"<div data-vc-full-width=\"true\" data-vc-full-width-init=\"false\" class=\"vc_row wpb_row vc_row-fluid vc_custom_1661228240978 vc_row-has-fill wd-rs-630454c3bb6c5\"><div class=\"wpb_column vc_column_container vc_col-sm-12\"><div class=\"vc_column-inner\"><div class=\"wpb_wrapper\"><div class=\"vc_row wpb_row vc_inner vc_row-fluid vc_column-gap-20 wd-rs-6304549f78a52\"><div class=\"wpb_column vc_column_container vc_col-sm-12\"><div class=\"vc_column-inner\"><div class=\"wpb_wrapper\">\n\t<div class=\"wpb_text_column wpb_content_element\" >\n\t\t<div class=\"wpb_wrapper\">\n\t\t\t<p>Hijo de Rey de Reyes de la Gloria, gran campe\u00f3n mundial, y Mixtura de la Betulia, Presentimiento de la Cristalina es un potro excepcional que combina la sangre azul de los diagonales con la calidad gen\u00e9tica de sus padres.<\/p>\n<p>Con un fenotipo hermoso casta\u00f1o cerrado, Presentimiento de la Cristalina destaca por su elevaci\u00f3n, patas y gran velocidad. Su padre, Rey de Reyes de la Gloria, es un gran campe\u00f3n mundial con una genealog\u00eda impresionante, que incluye a C\u00f3nsul de Gran Dinast\u00eda, campe\u00f3n mundial y fuera de concurso, y a Mensajera, campeona mundial.<\/p>\n<p>Por el lado materno, Mixtura de la Betulia es considerada una de las mejores yeguas de la historia, con una genealog\u00eda que incluye a Prodigio de Mar\u00eda Rosa, fuera de concurso y gran campe\u00f3n mundial. Presentimiento de la Cristalina tambi\u00e9n cuenta con la influencia de Mensajera Supers\u00f3nica y Tango de la Perla, dos veces campe\u00f3n mundial.<\/p>\n<p>Este joven reproductor ofrece una garant\u00eda gen\u00e9tica de sanidad, velocidad, pisada y aplomos, lo que lo hace ideal para cruzar con tus mejores yeguas de cr\u00eda. Con su capacidad para abrir l\u00edneas y mejorar la sanidad, elevaci\u00f3n y potencia en los diagonales, Presentimiento de la Cristalina es un caballo que no te puedes perder de usar como reproductor\u00a0en\u00a0tu\u00a0criadero.<\/p>\n\n\t\t<\/div>\n\t<\/div>\n<\/div><\/div><\/div><\/div><\/div><\/div><\/div><\/div><div class=\"vc_row-full-width vc_clearfix\"><\/div><div data-vc-full-width=\"true\" data-vc-full-width-init=\"false\" class=\"vc_row wpb_row vc_row-fluid vc_custom_1702872945406 vc_row-has-fill wd-parallax woodmart-parallax wd-bg-center-top wd-rs-657fc76ad3cab\"><div class=\"wpb_column vc_column_container vc_col-sm-12 wd-rs-630456263612b\"><div class=\"vc_column-inner vc_custom_1661228600377\"><div class=\"wpb_wrapper\">\n\t\t<div id=\"wd-630456a8309c5\" class=\"title-wrapper wd-wpb set-mb-s reset-last-child  wd-rs-630456a8309c5 wd-title-color-default wd-title-style-default text-left  wd-underline-colored\">\n\t\t\t\n\t\t\t<div class=\"liner-continer\">\n\t\t\t\t<h4 class=\"woodmart-title-container title  wd-font-weight-700 wd-fontsize-xxl\" >Genealog\u00eda<\/h4>\n\t\t\t\t\t\t\t<\/div>\n\t\t\t\n\t\t\t\n\t\t\t\n\t\t<\/div>\n\t\t\n\t\t<div class=\"vc_row wpb_row vc_inner vc_row-fluid mq-genealogia vc_column-gap-20 vc_row-o-content-middle vc_row-flex wd-rs-657fc7647e5f4\"><div class=\"wpb_column vc_column_container vc_col-sm-4 vc_col-has-fill wd-rs-6304573b28867\"><div class=\"vc_column-inner vc_custom_1661228888273\"><div class=\"wpb_wrapper\"><h6 style=\"font-size: 25px;color: #000000;line-height: 30px;text-align: left\" class=\"vc_custom_heading\" >Presentimiento de la Cristalina<\/h6><\/div><\/div><\/div><div class=\"wpb_column vc_column_container vc_col-sm-4 vc_col-has-fill wd-rs-6304575b0986e\"><div class=\"vc_column-inner vc_custom_1661228910289\"><div class=\"wpb_wrapper\"><p style=\"font-size: 20px;color: #000000;line-height: 30px;text-align: center\" class=\"vc_custom_heading\" >Rey de reyes de la gloria<\/p><div class=\"vc_empty_space\"   style=\"height: 120px\"><span class=\"vc_empty_space_inner\"><\/span><\/div><p style=\"font-size: 20px;color: #000000;line-height: 30px;text-align: center\" class=\"vc_custom_heading\" >Mixtura de la Betulia (FC)<\/p><\/div><\/div><\/div><div class=\"wpb_column vc_column_container vc_col-sm-4 wd-rs-630457716dd89\"><div class=\"vc_column-inner vc_custom_1661228923201\"><div class=\"wpb_wrapper\"><p style=\"font-size: 20px;color: #000000;line-height: 30px;text-align: right\" class=\"vc_custom_heading\" >Consul de Gran Dinastia<\/p><div class=\"vc_empty_space\"   style=\"height: 62px\"><span class=\"vc_empty_space_inner\"><\/span><\/div><p style=\"font-size: 20px;color: #000000;line-height: 30px;text-align: right\" class=\"vc_custom_heading\" >Mesajera del Vesubio<\/p><div class=\"vc_empty_space\"   style=\"height: 62px\"><span class=\"vc_empty_space_inner\"><\/span><\/div><p style=\"font-size: 20px;color: #000000;line-height: 30px;text-align: right\" class=\"vc_custom_heading\" >Prodigio de Maria Rosa<\/p><div class=\"vc_empty_space\"   style=\"height: 62px\"><span class=\"vc_empty_space_inner\"><\/span><\/div><p style=\"font-size: 20px;color: #000000;line-height: 30px;text-align: right\" class=\"vc_custom_heading\" >Atenea de Carpali<\/p><\/div><\/div><\/div><\/div><div class=\"vc_empty_space\"   style=\"height: 62px\"><span class=\"vc_empty_space_inner\"><\/span><\/div>\n\t<div class=\"wpb_raw_code wpb_raw_js\" >\n\t\t<div class=\"wpb_wrapper\">\n\t\t\t<script> \njQuery(document).ready(function(){\n  jQuery('.summary-inner .price xxx').html(`\n     <b>PROMOCI\u00d3N DE SALTOS:<\/b>\n     <br \/><br \/>\n     <span class=\"woocommerce-Price-amount amount\">\n       <bdi>1 X <span class=\"woocommerce-Price-currencySymbol\">$<\/span>3,000,000<\/bdi>\n     <\/span>\n     <br \/>\n     <span class=\"woocommerce-Price-amount amount\">\n       <bdi>2 X <span class=\"woocommerce-Price-currencySymbol\">$<\/span>5,000,000<\/bdi>\n     <\/span>\n      <br \/>\n     <span class=\"woocommerce-Price-amount amount\">\n       <bdi>3 X <span class=\"woocommerce-Price-currencySymbol\">$<\/span>6,000,000<\/bdi>\n     <\/span>\n  `);\n});\n <\/script>\n\t\t<\/div>\n\t<\/div>\n<\/div><\/div><\/div><\/div><div class=\"vc_row-full-width vc_clearfix\"><\/div>","protected":false},"excerpt":{"rendered":"<p><strong>Andar:<\/strong> Trocha pura (P3)<\/p>\n<p><strong>Fecha de nacimiento:<\/strong><\/p>\n<p><strong>Sexo:<\/strong> M.<\/p>\n<p><strong>Alzada:<\/strong><\/p>\n<p>Enviar soporte de pago al <a href=\"https:\/\/wa.me\/+573115773867\">(+57)3115773867<\/a> para realizarle el contrato, Factura y programaci\u00f3n de env\u00edos de semen<\/p>","protected":false},"featured_media":16208,"template":"","meta":[],"product_brand":[],"product_cat":[24,26],"product_tag":[],"class_list":{"0":"post-16207","1":"product","2":"type-product","3":"status-publish","4":"has-post-thumbnail","6":"product_cat-reproductores","7":"product_cat-trocha-pura-p3-reproductores","9":"first","10":"instock","11":"shipping-taxable","12":"purchasable","13":"product-type-simple"},"_links":{"self":[{"href":"https:\/\/www.criaderolamarqueza.com\/en\/wp-json\/wp\/v2\/product\/16207","targetHints":{"allow":["GET"]}}],"collection":[{"href":"https:\/\/www.criaderolamarqueza.com\/en\/wp-json\/wp\/v2\/product"}],"about":[{"href":"https:\/\/www.criaderolamarqueza.com\/en\/wp-json\/wp\/v2\/types\/product"}],"wp:featuredmedia":[{"embeddable":true,"href":"https:\/\/www.criaderolamarqueza.com\/en\/wp-json\/wp\/v2\/media\/16208"}],"wp:attachment":[{"href":"https:\/\/www.criaderolamarqueza.com\/en\/wp-json\/wp\/v2\/media?parent=16207"}],"wp:term":[{"taxonomy":"product_brand","embeddable":true,"href":"https:\/\/www.criaderolamarqueza.com\/en\/wp-json\/wp\/v2\/product_brand?post=16207"},{"taxonomy":"product_cat","embeddable":true,"href":"https:\/\/www.criaderolamarqueza.com\/en\/wp-json\/wp\/v2\/product_cat?post=16207"},{"taxonomy":"product_tag","embeddable":true,"href":"https:\/\/www.criaderolamarqueza.com\/en\/wp-json\/wp\/v2\/product_tag?post=16207"}],"curies":[{"name":"wp","href":"https:\/\/api.w.org\/{rel}","templated":true}]}}