{"id":261,"date":"2022-08-22T20:39:52","date_gmt":"2022-08-23T01:39:52","guid":{"rendered":"https:\/\/www.criaderolamarqueza.com\/?post_type=product&#038;p=261"},"modified":"2026-01-07T10:50:27","modified_gmt":"2026-01-07T15:50:27","slug":"envios","status":"publish","type":"product","link":"https:\/\/www.criaderolamarqueza.com\/en\/product\/envios\/","title":{"rendered":"ENV\u00cdOS (Tarifas 2026)"},"content":{"rendered":"","protected":false},"excerpt":{"rendered":"<p>Debe elegir una opci\u00f3n de destino, seleccionar la cantidad que desea pagar, luego hacer clic en el bot\u00f3n \u00abA\u00f1adir al carrito\u00bb para poder proceder con el pago del servicio utilizando cualquiera de nuestros m\u00e9todos de pagos.<\/p>","protected":false},"featured_media":527,"template":"","meta":[],"product_brand":[],"product_cat":[17],"product_tag":[],"class_list":{"0":"post-261","1":"product","2":"type-product","3":"status-publish","4":"has-post-thumbnail","6":"product_cat-pagos","8":"first","9":"instock","10":"shipping-taxable","11":"purchasable","12":"product-type-variable"},"_links":{"self":[{"href":"https:\/\/www.criaderolamarqueza.com\/en\/wp-json\/wp\/v2\/product\/261","targetHints":{"allow":["GET"]}}],"collection":[{"href":"https:\/\/www.criaderolamarqueza.com\/en\/wp-json\/wp\/v2\/product"}],"about":[{"href":"https:\/\/www.criaderolamarqueza.com\/en\/wp-json\/wp\/v2\/types\/product"}],"wp:featuredmedia":[{"embeddable":true,"href":"https:\/\/www.criaderolamarqueza.com\/en\/wp-json\/wp\/v2\/media\/527"}],"wp:attachment":[{"href":"https:\/\/www.criaderolamarqueza.com\/en\/wp-json\/wp\/v2\/media?parent=261"}],"wp:term":[{"taxonomy":"product_brand","embeddable":true,"href":"https:\/\/www.criaderolamarqueza.com\/en\/wp-json\/wp\/v2\/product_brand?post=261"},{"taxonomy":"product_cat","embeddable":true,"href":"https:\/\/www.criaderolamarqueza.com\/en\/wp-json\/wp\/v2\/product_cat?post=261"},{"taxonomy":"product_tag","embeddable":true,"href":"https:\/\/www.criaderolamarqueza.com\/en\/wp-json\/wp\/v2\/product_tag?post=261"}],"curies":[{"name":"wp","href":"https:\/\/api.w.org\/{rel}","templated":true}]}}