{"id":369,"date":"2022-08-23T23:47:44","date_gmt":"2022-08-24T04:47:44","guid":{"rendered":"https:\/\/www.criaderolamarqueza.com\/?post_type=product&#038;p=369"},"modified":"2022-10-04T14:49:37","modified_gmt":"2022-10-04T19:49:37","slug":"sorpresa-de-la-marqueza","status":"publish","type":"product","link":"https:\/\/www.criaderolamarqueza.com\/en\/product\/sorpresa-de-la-marqueza\/","title":{"rendered":"SORPRESA DE LA MARQUEZA"},"content":{"rendered":"<div data-vc-full-width=\"true\" data-vc-full-width-init=\"false\" class=\"vc_row wpb_row vc_row-fluid vc_custom_1661228240978 vc_row-has-fill wd-rs-630454c3bb6c5\"><div class=\"wpb_column vc_column_container vc_col-sm-12\"><div class=\"vc_column-inner\"><div class=\"wpb_wrapper\"><div class=\"vc_row wpb_row vc_inner vc_row-fluid vc_column-gap-20 wd-rs-6304549f78a52\"><div class=\"wpb_column vc_column_container vc_col-sm-6\"><div class=\"vc_column-inner\"><div class=\"wpb_wrapper\">\n\t<div class=\"wpb_text_column wpb_content_element\" >\n\t\t<div class=\"wpb_wrapper\">\n\t\t\t<p>Yegua hija del gran campeon mundial Rey de Reyes de la Gloria, el cual es hijo de la campeona mundial Mensajera \u00abla supers\u00f3nica\u00bb quien es a su vez hija de la gran reproductora la Sorpresa, la cual tambien es madre de la gran Carrilera de la Cascadita. La Madre de Sorpresa de la Marqueza es la potranca revelaci\u00f3n de la trocha en copa am\u00e9rica Jota de la Alquer\u00eda quien es a su vez hija del gran campeon mundial y fuera de concurso<\/p>\n\n\t\t<\/div>\n\t<\/div>\n<\/div><\/div><\/div><div class=\"wpb_column vc_column_container vc_col-sm-6\"><div class=\"vc_column-inner\"><div class=\"wpb_wrapper\">\n\t<div class=\"wpb_text_column wpb_content_element\" >\n\t\t<div class=\"wpb_wrapper\">\n\t\t\t<p>Consul de Gran Dinast\u00eda en la gran campeona mundial Carrilera de la Cascadita quien es a su vez hija de la gran reproductora Sorpresa madre tambien de la Mensajera \u00abla supers\u00f3nica\u00bb. Sorpresa de la Marqueza genetica de campeones que producen campeones.<\/p>\n\n\t\t<\/div>\n\t<\/div>\n<\/div><\/div><\/div><\/div><\/div><\/div><\/div><\/div><div class=\"vc_row-full-width vc_clearfix\"><\/div><div data-vc-full-width=\"true\" data-vc-full-width-init=\"false\" class=\"vc_row wpb_row vc_row-fluid vc_custom_1661229327852 vc_row-has-fill wd-parallax woodmart-parallax wd-bg-center-top wd-rs-6304590cd8bce\"><div class=\"wpb_column vc_column_container vc_col-sm-12 wd-rs-630456263612b\"><div class=\"vc_column-inner vc_custom_1661228600377\"><div class=\"wpb_wrapper\">\n\t\t<div id=\"wd-630456a8309c5\" class=\"title-wrapper wd-wpb set-mb-s reset-last-child  wd-rs-630456a8309c5 wd-title-color-default wd-title-style-default text-left  wd-underline-colored\">\n\t\t\t\n\t\t\t<div class=\"liner-continer\">\n\t\t\t\t<h4 class=\"woodmart-title-container title  wd-font-weight-700 wd-fontsize-xxl\" >Genealog\u00eda<\/h4>\n\t\t\t\t\t\t\t<\/div>\n\t\t\t\n\t\t\t\n\t\t\t\n\t\t<\/div>\n\t\t\n\t\t<div class=\"vc_row wpb_row vc_inner vc_row-fluid vc_column-gap-20 vc_row-o-content-middle vc_row-flex wd-rs-6304577e59fae\"><div class=\"wpb_column vc_column_container vc_col-sm-4 vc_col-has-fill wd-rs-6304573b28867\"><div class=\"vc_column-inner vc_custom_1661228888273\"><div class=\"wpb_wrapper\"><h6 style=\"font-size: 25px;color: #000000;line-height: 30px;text-align: left\" class=\"vc_custom_heading\" >Sorpresa de la Marqueza<\/h6><\/div><\/div><\/div><div class=\"wpb_column vc_column_container vc_col-sm-4 vc_col-has-fill wd-rs-6304575b0986e\"><div class=\"vc_column-inner vc_custom_1661228910289\"><div class=\"wpb_wrapper\"><p style=\"font-size: 20px;color: #000000;line-height: 30px;text-align: center\" class=\"vc_custom_heading\" >Rey de Reyes de la Gloria<\/p><div class=\"vc_empty_space\"   style=\"height: 62px\"><span class=\"vc_empty_space_inner\"><\/span><\/div><p style=\"font-size: 20px;color: #000000;line-height: 30px;text-align: center\" class=\"vc_custom_heading\" >Jota de la Alquer\u00eda<\/p><\/div><\/div><\/div><div class=\"wpb_column vc_column_container vc_col-sm-4 wd-rs-630457716dd89\"><div class=\"vc_column-inner vc_custom_1661228923201\"><div class=\"wpb_wrapper\"><p style=\"font-size: 20px;color: #000000;line-height: 30px;text-align: right\" class=\"vc_custom_heading\" >Consul de Gran Dinastia FC<\/p><div class=\"vc_empty_space\"   style=\"height: 62px\"><span class=\"vc_empty_space_inner\"><\/span><\/div><p style=\"font-size: 20px;color: #000000;line-height: 30px;text-align: right\" class=\"vc_custom_heading\" >Mensajera<\/p><div class=\"vc_empty_space\"   style=\"height: 62px\"><span class=\"vc_empty_space_inner\"><\/span><\/div><p style=\"font-size: 20px;color: #000000;line-height: 30px;text-align: right\" class=\"vc_custom_heading\" >Consul de Gran Dinastia FC<\/p><div class=\"vc_empty_space\"   style=\"height: 62px\"><span class=\"vc_empty_space_inner\"><\/span><\/div><p style=\"font-size: 20px;color: #000000;line-height: 30px;text-align: right\" class=\"vc_custom_heading\" >Carrilera de la Cascadita<\/p><\/div><\/div><\/div><\/div><div class=\"vc_empty_space\"   style=\"height: 62px\"><span class=\"vc_empty_space_inner\"><\/span><\/div>\n\t\t<div id=\"wd-63045691b447b\" class=\"title-wrapper wd-wpb set-mb-s reset-last-child  wd-rs-63045691b447b wd-title-color-black wd-title-style-image text-center  wd-underline-colored\">\n\t\t\t\n\t\t\t<div class=\"liner-continer\">\n\t\t\t\t<h5 class=\"woodmart-title-container title  wd-font-weight-600 wd-fontsize-xxl\" >Videos<\/h5>\n\t\t\t\t\t\t\t\t\t<div class=\"img-wrapper\"><img loading=\"lazy\" decoding=\"async\" width=\"631\" height=\"61\" src=\"https:\/\/www.criaderolamarqueza.com\/wp-content\/uploads\/img_titulo.png\" class=\"attachment-full\" alt=\"\" title=\"\" srcset=\"https:\/\/www.criaderolamarqueza.com\/wp-content\/uploads\/img_titulo.png 631w, https:\/\/www.criaderolamarqueza.com\/wp-content\/uploads\/img_titulo-300x29.png 300w, https:\/\/www.criaderolamarqueza.com\/wp-content\/uploads\/img_titulo-150x15.png 150w, https:\/\/www.criaderolamarqueza.com\/wp-content\/uploads\/img_titulo-600x58.png 600w\" sizes=\"auto, (max-width: 631px) 100vw, 631px\" \/><\/div>\t\t\t\t\t\t\t<\/div>\n\t\t\t\n\t\t\t\n\t\t\t\n\t\t<\/div>\n\t\t\n\t\t<div class=\"vc_row wpb_row vc_inner vc_row-fluid vc_column-gap-20 wd-rs-630458cb07926\"><div class=\"wpb_column vc_column_container vc_col-sm-6\"><div class=\"vc_column-inner\"><div class=\"wpb_wrapper\">\n\t<div class=\"wpb_video_widget wpb_content_element vc_clearfix vc_video-aspect-ratio-169 vc_video-el-width-100 vc_video-align-center\" >\n\t\t<div class=\"wpb_wrapper\">\n\t\t\t\n\t\t\t<div class=\"wpb_video_wrapper\"><iframe loading=\"lazy\" title=\"SORPRESA DE LA MARQUEZA\" width=\"500\" height=\"281\" src=\"https:\/\/www.youtube.com\/embed\/VwCcJMmL3xg?feature=oembed\" frameborder=\"0\" allow=\"accelerometer; autoplay; clipboard-write; encrypted-media; gyroscope; picture-in-picture; web-share\" referrerpolicy=\"strict-origin-when-cross-origin\" allowfullscreen><\/iframe><\/div>\n\t\t<\/div>\n\t<\/div>\n<\/div><\/div><\/div><div class=\"wpb_column vc_column_container vc_col-sm-6\"><div class=\"vc_column-inner\"><div class=\"wpb_wrapper\"><\/div><\/div><\/div><\/div><\/div><\/div><\/div><\/div><div class=\"vc_row-full-width vc_clearfix\"><\/div>","protected":false},"excerpt":{"rendered":"<p><strong>Andar:<\/strong> Trocha pura (P3)<\/p>\n<p><strong>Fecha de nacimiento:<\/strong> 2018-07-15<\/p>\n<p><strong>Sexo:<\/strong> H.<\/p>\n<p><strong>Alzada:<\/strong> 1,39m<\/p>","protected":false},"featured_media":94,"template":"","meta":[],"product_brand":[],"product_cat":[21,18],"product_tag":[],"class_list":{"0":"post-369","1":"product","2":"type-product","3":"status-publish","4":"has-post-thumbnail","6":"product_cat-trocha-y-galope-p2-donantes","7":"product_cat-yeguas-donantes","9":"first","10":"instock","11":"shipping-taxable","12":"product-type-simple"},"_links":{"self":[{"href":"https:\/\/www.criaderolamarqueza.com\/en\/wp-json\/wp\/v2\/product\/369","targetHints":{"allow":["GET"]}}],"collection":[{"href":"https:\/\/www.criaderolamarqueza.com\/en\/wp-json\/wp\/v2\/product"}],"about":[{"href":"https:\/\/www.criaderolamarqueza.com\/en\/wp-json\/wp\/v2\/types\/product"}],"wp:featuredmedia":[{"embeddable":true,"href":"https:\/\/www.criaderolamarqueza.com\/en\/wp-json\/wp\/v2\/media\/94"}],"wp:attachment":[{"href":"https:\/\/www.criaderolamarqueza.com\/en\/wp-json\/wp\/v2\/media?parent=369"}],"wp:term":[{"taxonomy":"product_brand","embeddable":true,"href":"https:\/\/www.criaderolamarqueza.com\/en\/wp-json\/wp\/v2\/product_brand?post=369"},{"taxonomy":"product_cat","embeddable":true,"href":"https:\/\/www.criaderolamarqueza.com\/en\/wp-json\/wp\/v2\/product_cat?post=369"},{"taxonomy":"product_tag","embeddable":true,"href":"https:\/\/www.criaderolamarqueza.com\/en\/wp-json\/wp\/v2\/product_tag?post=369"}],"curies":[{"name":"wp","href":"https:\/\/api.w.org\/{rel}","templated":true}]}}