{"id":438,"date":"2022-08-24T16:40:16","date_gmt":"2022-08-24T21:40:16","guid":{"rendered":"https:\/\/www.criaderolamarqueza.com\/?post_type=product&#038;p=438"},"modified":"2025-06-24T10:51:45","modified_gmt":"2025-06-24T15:51:45","slug":"rey-de-reyes-de-la-gloria","status":"publish","type":"product","link":"https:\/\/www.criaderolamarqueza.com\/en\/product\/rey-de-reyes-de-la-gloria\/","title":{"rendered":"REY DE REYES DE LA GLORIA"},"content":{"rendered":"<div data-vc-full-width=\"true\" data-vc-full-width-init=\"false\" class=\"vc_row wpb_row vc_row-fluid vc_custom_1661228240978 vc_row-has-fill wd-rs-630454c3bb6c5\"><div class=\"wpb_column vc_column_container vc_col-sm-12\"><div class=\"vc_column-inner\"><div class=\"wpb_wrapper\"><div class=\"vc_row wpb_row vc_inner vc_row-fluid vc_column-gap-20 wd-rs-6304549f78a52\"><div class=\"wpb_column vc_column_container vc_col-sm-2\"><div class=\"vc_column-inner\"><div class=\"wpb_wrapper\"><\/div><\/div><\/div><div class=\"wpb_column vc_column_container vc_col-sm-8\"><div class=\"vc_column-inner\"><div class=\"wpb_wrapper\">\n\t<div class=\"wpb_text_column wpb_content_element\" >\n\t\t<div class=\"wpb_wrapper\">\n\t\t\t<p style=\"text-align: justify;\">Rey de Reyes es gran Campe\u00f3n Mundial de la trocha pura , Rey de Reyes de la Gloria es hijo del Campe\u00f3n Mundial C\u00f3nsul de Gran Dinast\u00eda FC en la Campeona Mundial Mensajera, m\u00e1s conocida como la Supers\u00f3nica. Rey de Reyes es catalogado como La Sangre Azul de los diagonales, por el ser gran Campe\u00f3n mundial y sus padres ambos grandes campeones mundiales.<\/p>\n<p style=\"text-align: justify;\">Rey de Reyes en la pista lo gan\u00f3 todo acompa\u00f1ado de una Gen\u00e9tica inigualable convirti\u00e9ndolo en un reproductor atl\u00e9ticamente sano y gen\u00e9ticamente sano.<br \/>\nRey de Reyes es el actual jefe de raza de la trocha Pura otorgado por FEDEQUINAS y es padre de grandes campeones mundiales.<\/p>\n<p style=\"text-align: justify;\">Rey de reyes es un reproductor muy vers\u00e1til y f\u00e1cil de cruzar ya que tiene hijos e hijas campeones en los 3 aires de los Diagonales.<\/p>\n<p style=\"text-align: justify;\">Rey de Reyes el verdadero Reproductor de los Diagonales.<\/p>\n\n\t\t<\/div>\n\t<\/div>\n<\/div><\/div><\/div><div class=\"wpb_column vc_column_container vc_col-sm-2\"><div class=\"vc_column-inner\"><div class=\"wpb_wrapper\"><\/div><\/div><\/div><\/div><\/div><\/div><\/div><\/div><div class=\"vc_row-full-width vc_clearfix\"><\/div><div data-vc-full-width=\"true\" data-vc-full-width-init=\"false\" class=\"vc_row wpb_row vc_row-fluid vc_custom_1702873503697 vc_row-has-fill wd-parallax woodmart-parallax wd-bg-center-top wd-rs-657fc99b07734\"><div class=\"wpb_column vc_column_container vc_col-sm-12 wd-rs-630456263612b\"><div class=\"vc_column-inner vc_custom_1661228600377\"><div class=\"wpb_wrapper\">\n\t\t<div id=\"wd-630456a8309c5\" class=\"title-wrapper wd-wpb set-mb-s reset-last-child  wd-rs-630456a8309c5 wd-title-color-default wd-title-style-default text-left  wd-underline-colored\">\n\t\t\t\n\t\t\t<div class=\"liner-continer\">\n\t\t\t\t<h4 class=\"woodmart-title-container title  wd-font-weight-700 wd-fontsize-xxl\" >Genealog\u00eda<\/h4>\n\t\t\t\t\t\t\t<\/div>\n\t\t\t\n\t\t\t\n\t\t\t\n\t\t<\/div>\n\t\t\n\t\t<div class=\"vc_row wpb_row vc_inner vc_row-fluid mq-genealogia vc_column-gap-20 vc_row-o-content-middle vc_row-flex wd-rs-657fc99555b97\"><div class=\"wpb_column vc_column_container vc_col-sm-4 vc_col-has-fill wd-rs-6304573b28867\"><div class=\"vc_column-inner vc_custom_1661228888273\"><div class=\"wpb_wrapper\"><h6 style=\"font-size: 25px;color: #000000;line-height: 30px;text-align: left\" class=\"vc_custom_heading\" >REY DE REYES DE LA GLORIA<\/h6><\/div><\/div><\/div><div class=\"wpb_column vc_column_container vc_col-sm-4 vc_col-has-fill wd-rs-6304575b0986e\"><div class=\"vc_column-inner vc_custom_1661228910289\"><div class=\"wpb_wrapper\"><p style=\"font-size: 20px;color: #000000;line-height: 30px;text-align: center\" class=\"vc_custom_heading\" >Consul de Gran Dinastia FC<\/p><div class=\"vc_empty_space\"   style=\"height: 120px\"><span class=\"vc_empty_space_inner\"><\/span><\/div><p style=\"font-size: 20px;color: #000000;line-height: 30px;text-align: center\" class=\"vc_custom_heading\" >Mensajera<\/p><\/div><\/div><\/div><div class=\"wpb_column vc_column_container vc_col-sm-4 wd-rs-630457716dd89\"><div class=\"vc_column-inner vc_custom_1661228923201\"><div class=\"wpb_wrapper\"><p style=\"font-size: 20px;color: #000000;line-height: 30px;text-align: right\" class=\"vc_custom_heading\" >Tayrona del Paso<\/p><div class=\"vc_empty_space\"   style=\"height: 62px\"><span class=\"vc_empty_space_inner\"><\/span><\/div><p style=\"font-size: 20px;color: #000000;line-height: 30px;text-align: right\" class=\"vc_custom_heading\" >Juguetona de Dinast\u00eda I<\/p><div class=\"vc_empty_space\"   style=\"height: 62px\"><span class=\"vc_empty_space_inner\"><\/span><\/div><p style=\"font-size: 20px;color: #000000;line-height: 30px;text-align: right\" class=\"vc_custom_heading\" >Mensaje de San Esteban<\/p><div class=\"vc_empty_space\"   style=\"height: 62px\"><span class=\"vc_empty_space_inner\"><\/span><\/div><p style=\"font-size: 20px;color: #000000;line-height: 30px;text-align: right\" class=\"vc_custom_heading\" >Sorpresa<\/p><\/div><\/div><\/div><\/div><div class=\"vc_empty_space\"   style=\"height: 62px\"><span class=\"vc_empty_space_inner\"><\/span><\/div>\n\t\t<div id=\"wd-63045691b447b\" class=\"title-wrapper wd-wpb set-mb-s reset-last-child  wd-rs-63045691b447b wd-title-color-black wd-title-style-image text-center  wd-underline-colored\">\n\t\t\t\n\t\t\t<div class=\"liner-continer\">\n\t\t\t\t<h5 class=\"woodmart-title-container title  wd-font-weight-600 wd-fontsize-xxl\" >Videos<\/h5>\n\t\t\t\t\t\t\t\t\t<div class=\"img-wrapper\"><img loading=\"lazy\" decoding=\"async\" width=\"631\" height=\"61\" src=\"https:\/\/www.criaderolamarqueza.com\/wp-content\/uploads\/img_titulo.png\" class=\"attachment-full\" alt=\"\" title=\"\" srcset=\"https:\/\/www.criaderolamarqueza.com\/wp-content\/uploads\/img_titulo.png 631w, https:\/\/www.criaderolamarqueza.com\/wp-content\/uploads\/img_titulo-300x29.png 300w, https:\/\/www.criaderolamarqueza.com\/wp-content\/uploads\/img_titulo-150x15.png 150w, https:\/\/www.criaderolamarqueza.com\/wp-content\/uploads\/img_titulo-600x58.png 600w\" sizes=\"auto, (max-width: 631px) 100vw, 631px\" \/><\/div>\t\t\t\t\t\t\t<\/div>\n\t\t\t\n\t\t\t\n\t\t\t\n\t\t<\/div>\n\t\t\n\t\t<div class=\"vc_row wpb_row vc_inner vc_row-fluid vc_column-gap-20 wd-rs-630458cb07926\"><div class=\"wpb_column vc_column_container vc_col-sm-6\"><div class=\"vc_column-inner\"><div class=\"wpb_wrapper\">\n\t<div class=\"wpb_video_widget wpb_content_element vc_clearfix vc_video-aspect-ratio-169 vc_video-el-width-100 vc_video-align-center\" >\n\t\t<div class=\"wpb_wrapper\">\n\t\t\t\n\t\t\t<div class=\"wpb_video_wrapper\"><iframe loading=\"lazy\" title=\"REY DE REYES DE LA GLORIA (ESPA\u00d1OL)\" width=\"500\" height=\"281\" src=\"https:\/\/www.youtube.com\/embed\/FqELNo9xG-M?feature=oembed\" frameborder=\"0\" allow=\"accelerometer; autoplay; clipboard-write; encrypted-media; gyroscope; picture-in-picture; web-share\" referrerpolicy=\"strict-origin-when-cross-origin\" allowfullscreen><\/iframe><\/div>\n\t\t<\/div>\n\t<\/div>\n<\/div><\/div><\/div><div class=\"wpb_column vc_column_container vc_col-sm-6\"><div class=\"vc_column-inner\"><div class=\"wpb_wrapper\">\n\t<div class=\"wpb_video_widget wpb_content_element vc_clearfix vc_video-aspect-ratio-169 vc_video-el-width-100 vc_video-align-center\" >\n\t\t<div class=\"wpb_wrapper\">\n\t\t\t\n\t\t\t<div class=\"wpb_video_wrapper\"><iframe loading=\"lazy\" title=\"REY DE REYES HIJOS\" width=\"500\" height=\"281\" src=\"https:\/\/www.youtube.com\/embed\/05ywi-t_Bok?feature=oembed\" frameborder=\"0\" allow=\"accelerometer; autoplay; clipboard-write; encrypted-media; gyroscope; picture-in-picture; web-share\" referrerpolicy=\"strict-origin-when-cross-origin\" allowfullscreen><\/iframe><\/div>\n\t\t<\/div>\n\t<\/div>\n<\/div><\/div><\/div><\/div><\/div><\/div><\/div><\/div><div class=\"vc_row-full-width vc_clearfix\"><\/div>","protected":false},"excerpt":{"rendered":"<p><strong>Andar:<\/strong> Trocha pura (P3)<\/p>\n<p><strong>Fecha de nacimiento:<\/strong> 2013-04-20<\/p>\n<p><strong>Sexo:<\/strong> M.<\/p>\n<p><strong>Alzada:<\/strong> 1,47m<\/p>\n<p>Enviar soporte de pago al <a href=\"https:\/\/wa.me\/+573115773867\">(+57)3115773867<\/a> para realizarle el contrato, Factura y programaci\u00f3n de env\u00edos de semen<\/p>","protected":false},"featured_media":439,"template":"","meta":[],"product_brand":[],"product_cat":[24,26],"product_tag":[],"class_list":{"0":"post-438","1":"product","2":"type-product","3":"status-publish","4":"has-post-thumbnail","6":"product_cat-reproductores","7":"product_cat-trocha-pura-p3-reproductores","9":"first","10":"instock","11":"shipping-taxable","12":"purchasable","13":"product-type-simple"},"_links":{"self":[{"href":"https:\/\/www.criaderolamarqueza.com\/en\/wp-json\/wp\/v2\/product\/438","targetHints":{"allow":["GET"]}}],"collection":[{"href":"https:\/\/www.criaderolamarqueza.com\/en\/wp-json\/wp\/v2\/product"}],"about":[{"href":"https:\/\/www.criaderolamarqueza.com\/en\/wp-json\/wp\/v2\/types\/product"}],"wp:featuredmedia":[{"embeddable":true,"href":"https:\/\/www.criaderolamarqueza.com\/en\/wp-json\/wp\/v2\/media\/439"}],"wp:attachment":[{"href":"https:\/\/www.criaderolamarqueza.com\/en\/wp-json\/wp\/v2\/media?parent=438"}],"wp:term":[{"taxonomy":"product_brand","embeddable":true,"href":"https:\/\/www.criaderolamarqueza.com\/en\/wp-json\/wp\/v2\/product_brand?post=438"},{"taxonomy":"product_cat","embeddable":true,"href":"https:\/\/www.criaderolamarqueza.com\/en\/wp-json\/wp\/v2\/product_cat?post=438"},{"taxonomy":"product_tag","embeddable":true,"href":"https:\/\/www.criaderolamarqueza.com\/en\/wp-json\/wp\/v2\/product_tag?post=438"}],"curies":[{"name":"wp","href":"https:\/\/api.w.org\/{rel}","templated":true}]}}