{"id":7292,"date":"2024-03-23T13:21:28","date_gmt":"2024-03-23T18:21:28","guid":{"rendered":"https:\/\/www.criaderolamarqueza.com\/?post_type=product&#038;p=7292"},"modified":"2025-11-14T13:43:46","modified_gmt":"2025-11-14T18:43:46","slug":"principe-de-principes-del-mirador-de-los-caballos","status":"publish","type":"product","link":"https:\/\/www.criaderolamarqueza.com\/en\/product\/principe-de-principes-del-mirador-de-los-caballos\/","title":{"rendered":"PRINCIPE DE PRINCIPES DEL MIRADOR DE LOS CABALLOS"},"content":{"rendered":"<div data-vc-full-width=\"true\" data-vc-full-width-init=\"false\" class=\"vc_row wpb_row vc_row-fluid vc_custom_1661228240978 vc_row-has-fill wd-rs-630454c3bb6c5\"><div class=\"wpb_column vc_column_container vc_col-sm-12\"><div class=\"vc_column-inner\"><div class=\"wpb_wrapper\"><div class=\"vc_row wpb_row vc_inner vc_row-fluid vc_column-gap-20 wd-rs-6304549f78a52\"><div class=\"wpb_column vc_column_container vc_col-sm-12\"><div class=\"vc_column-inner\"><div class=\"wpb_wrapper\">\n\t<div class=\"wpb_text_column wpb_content_element\" >\n\t\t<div class=\"wpb_wrapper\">\n\t\t\t<p style=\"text-align: justify;\">Hijo del Gran campe\u00f3n mundial y jefe de raza del a\u00f1o de la trocha pura Rey de Reyes de la Gloria y su madre la reproductora aprobada la gran Cofrad\u00eda de La Vickina Qui\u00e9n es hija de \u00f3nix fuera de concurso mejor reproductor durante la \u00faltima d\u00e9cada y catalogado como el mejor abuelo materno y su madre la primog\u00e9nita de Tayrona quien es a su vez nieta del gran hechicero de pescadero padre del Gran campe\u00f3n mundial Tango de La Perla , Pr\u00edncipe de pr\u00edncipes potro que todas las veces que ha competido ha quedado campe\u00f3n joven mostrando su hermoso fenotipo gran mec\u00e1nica y velocidad con gran reuni\u00f3n Al momento de trochar, Pr\u00edncipe de pr\u00edncipes un potro campe\u00f3n joven con un factor x materno reforzado con m\u00e1s de tres generaciones de campeonas o reproductoras lo que convierte a Pr\u00edncipe de Pr\u00edncipes en un gran potencial como reproductor de los diagonales por su gran estabilidad gen\u00e9tica en su Factor X que tiene de Campeones que<br \/>\nproducen campeones.<\/p>\n\n\t\t<\/div>\n\t<\/div>\n<\/div><\/div><\/div><\/div><\/div><\/div><\/div><\/div><div class=\"vc_row-full-width vc_clearfix\"><\/div><div data-vc-full-width=\"true\" data-vc-full-width-init=\"false\" class=\"vc_row wpb_row vc_row-fluid vc_custom_1702872945406 vc_row-has-fill wd-parallax woodmart-parallax wd-bg-center-top wd-rs-657fc76ad3cab\"><div class=\"wpb_column vc_column_container vc_col-sm-12 wd-rs-630456263612b\"><div class=\"vc_column-inner vc_custom_1661228600377\"><div class=\"wpb_wrapper\">\n\t\t<div id=\"wd-630456a8309c5\" class=\"title-wrapper wd-wpb set-mb-s reset-last-child  wd-rs-630456a8309c5 wd-title-color-default wd-title-style-default text-left  wd-underline-colored\">\n\t\t\t\n\t\t\t<div class=\"liner-continer\">\n\t\t\t\t<h4 class=\"woodmart-title-container title  wd-font-weight-700 wd-fontsize-xxl\" >Genealog\u00eda<\/h4>\n\t\t\t\t\t\t\t<\/div>\n\t\t\t\n\t\t\t\n\t\t\t\n\t\t<\/div>\n\t\t\n\t\t<div class=\"vc_row wpb_row vc_inner vc_row-fluid mq-genealogia vc_column-gap-20 vc_row-o-content-middle vc_row-flex wd-rs-657fc7647e5f4\"><div class=\"wpb_column vc_column_container vc_col-sm-4 vc_col-has-fill wd-rs-6304573b28867\"><div class=\"vc_column-inner vc_custom_1661228888273\"><div class=\"wpb_wrapper\"><h6 style=\"font-size: 25px;color: #000000;line-height: 30px;text-align: left\" class=\"vc_custom_heading\" >Principe de Principes del mirador de los caballos<\/h6><\/div><\/div><\/div><div class=\"wpb_column vc_column_container vc_col-sm-4 vc_col-has-fill wd-rs-6304575b0986e\"><div class=\"vc_column-inner vc_custom_1661228910289\"><div class=\"wpb_wrapper\"><p style=\"font-size: 20px;color: #000000;line-height: 30px;text-align: center\" class=\"vc_custom_heading\" >Rey De Reyes De La Gloria<\/p><div class=\"vc_empty_space\"   style=\"height: 120px\"><span class=\"vc_empty_space_inner\"><\/span><\/div><p style=\"font-size: 20px;color: #000000;line-height: 30px;text-align: center\" class=\"vc_custom_heading\" >Cofradia de la Vickina<\/p><\/div><\/div><\/div><div class=\"wpb_column vc_column_container vc_col-sm-4 wd-rs-630457716dd89\"><div class=\"vc_column-inner vc_custom_1661228923201\"><div class=\"wpb_wrapper\"><p style=\"font-size: 20px;color: #000000;line-height: 30px;text-align: right\" class=\"vc_custom_heading\" >Consul De Gran Dinastia FC<\/p><div class=\"vc_empty_space\"   style=\"height: 62px\"><span class=\"vc_empty_space_inner\"><\/span><\/div><p style=\"font-size: 20px;color: #000000;line-height: 30px;text-align: right\" class=\"vc_custom_heading\" >Mensajera<\/p><div class=\"vc_empty_space\"   style=\"height: 62px\"><span class=\"vc_empty_space_inner\"><\/span><\/div><p style=\"font-size: 20px;color: #000000;line-height: 30px;text-align: right\" class=\"vc_custom_heading\" >Onix FC<\/p><div class=\"vc_empty_space\"   style=\"height: 62px\"><span class=\"vc_empty_space_inner\"><\/span><\/div><p style=\"font-size: 20px;color: #000000;line-height: 30px;text-align: right\" class=\"vc_custom_heading\" >Primogenita de Tayrona<\/p><\/div><\/div><\/div><\/div><div class=\"vc_empty_space\"   style=\"height: 62px\"><span class=\"vc_empty_space_inner\"><\/span><\/div>\n\t<div class=\"wpb_raw_code wpb_raw_js\" >\n\t\t<div class=\"wpb_wrapper\">\n\t\t\t<script> \njQuery(document).ready(function(){\n  jQuery('.summary-inner .price xxx').html(`\n     <b>PROMOCI\u00d3N DE SALTOS:<\/b>\n     <br \/><br \/>\n     <span class=\"woocommerce-Price-amount amount\">\n       <bdi>1 X <span class=\"woocommerce-Price-currencySymbol\">$<\/span>3,000,000<\/bdi>\n     <\/span>\n     <br \/>\n     <span class=\"woocommerce-Price-amount amount\">\n       <bdi>2 X <span class=\"woocommerce-Price-currencySymbol\">$<\/span>5,000,000<\/bdi>\n     <\/span>\n      <br \/>\n     <span class=\"woocommerce-Price-amount amount\">\n       <bdi>3 X <span class=\"woocommerce-Price-currencySymbol\">$<\/span>6,000,000<\/bdi>\n     <\/span>\n  `);\n});\n <\/script>\n\t\t<\/div>\n\t<\/div>\n<\/div><\/div><\/div><\/div><div class=\"vc_row-full-width vc_clearfix\"><\/div>","protected":false},"excerpt":{"rendered":"<p><strong>Andar:<\/strong> Trocha pura (P3)<\/p>\n<p><strong>Fecha de nacimiento:<\/strong> 2018-04-02<\/p>\n<p><strong>Sexo:<\/strong> M.<\/p>\n<p><strong>Alzada:<\/strong> 1,43m<\/p>\n<p>Enviar soporte de pago al <a href=\"https:\/\/wa.me\/+573115773867\">(+57)3115773867<\/a> para realizarle el contrato, Factura y programaci\u00f3n de env\u00edos de semen<\/p>","protected":false},"featured_media":7474,"template":"","meta":[],"product_brand":[],"product_cat":[24,26],"product_tag":[],"class_list":{"0":"post-7292","1":"product","2":"type-product","3":"status-publish","4":"has-post-thumbnail","6":"product_cat-reproductores","7":"product_cat-trocha-pura-p3-reproductores","9":"first","10":"instock","11":"shipping-taxable","12":"purchasable","13":"product-type-simple"},"_links":{"self":[{"href":"https:\/\/www.criaderolamarqueza.com\/en\/wp-json\/wp\/v2\/product\/7292","targetHints":{"allow":["GET"]}}],"collection":[{"href":"https:\/\/www.criaderolamarqueza.com\/en\/wp-json\/wp\/v2\/product"}],"about":[{"href":"https:\/\/www.criaderolamarqueza.com\/en\/wp-json\/wp\/v2\/types\/product"}],"wp:featuredmedia":[{"embeddable":true,"href":"https:\/\/www.criaderolamarqueza.com\/en\/wp-json\/wp\/v2\/media\/7474"}],"wp:attachment":[{"href":"https:\/\/www.criaderolamarqueza.com\/en\/wp-json\/wp\/v2\/media?parent=7292"}],"wp:term":[{"taxonomy":"product_brand","embeddable":true,"href":"https:\/\/www.criaderolamarqueza.com\/en\/wp-json\/wp\/v2\/product_brand?post=7292"},{"taxonomy":"product_cat","embeddable":true,"href":"https:\/\/www.criaderolamarqueza.com\/en\/wp-json\/wp\/v2\/product_cat?post=7292"},{"taxonomy":"product_tag","embeddable":true,"href":"https:\/\/www.criaderolamarqueza.com\/en\/wp-json\/wp\/v2\/product_tag?post=7292"}],"curies":[{"name":"wp","href":"https:\/\/api.w.org\/{rel}","templated":true}]}}