{"id":7294,"date":"2024-03-23T17:15:43","date_gmt":"2024-03-23T22:15:43","guid":{"rendered":"https:\/\/www.criaderolamarqueza.com\/?post_type=product&#038;p=7294"},"modified":"2025-11-14T13:45:35","modified_gmt":"2025-11-14T18:45:35","slug":"sexto-sentido-de-la-marqueza","status":"publish","type":"product","link":"https:\/\/www.criaderolamarqueza.com\/en\/product\/sexto-sentido-de-la-marqueza\/","title":{"rendered":"SEXTO SENTIDO DE LA MARQUEZA"},"content":{"rendered":"<div data-vc-full-width=\"true\" data-vc-full-width-init=\"false\" class=\"vc_row wpb_row vc_row-fluid vc_custom_1661228240978 vc_row-has-fill wd-rs-630454c3bb6c5\"><div class=\"wpb_column vc_column_container vc_col-sm-12\"><div class=\"vc_column-inner\"><div class=\"wpb_wrapper\"><div class=\"vc_row wpb_row vc_inner vc_row-fluid vc_column-gap-20 wd-rs-6304549f78a52\"><div class=\"wpb_column vc_column_container vc_col-sm-12\"><div class=\"vc_column-inner\"><div class=\"wpb_wrapper\">\n\t<div class=\"wpb_text_column wpb_content_element\" >\n\t\t<div class=\"wpb_wrapper\">\n\t\t\t<p style=\"text-align: justify;\">Sexto Sentido de La Marqueza es hijo de la Mensajera Supers\u00f3nica gran campeona mundial y del reproductor revelaci\u00f3n de los aires compuestos Profeta de la Conquista Sexto Sentido es hermano materno del Gran campe\u00f3n mundial Rey de Reyes de la Gloria de la Gloria y reproductor revelaci\u00f3n de los diagonales, Sexto Sentido la gen\u00e9tica evolucionada de los diagonales con un factor X \u00fanico donde encontrar\u00e1s a Mensajera, Sorpresa, Silueta y Ovaci\u00f3n v8 no te quedes sin tu cr\u00eda de Sexto Sentido de la Marqueza<\/p>\n\n\t\t<\/div>\n\t<\/div>\n<\/div><\/div><\/div><\/div><\/div><\/div><\/div><\/div><div class=\"vc_row-full-width vc_clearfix\"><\/div><div data-vc-full-width=\"true\" data-vc-full-width-init=\"false\" class=\"vc_row wpb_row vc_row-fluid vc_custom_1702872945406 vc_row-has-fill wd-parallax woodmart-parallax wd-bg-center-top wd-rs-657fc76ad3cab\"><div class=\"wpb_column vc_column_container vc_col-sm-12 wd-rs-630456263612b\"><div class=\"vc_column-inner vc_custom_1661228600377\"><div class=\"wpb_wrapper\">\n\t\t<div id=\"wd-630456a8309c5\" class=\"title-wrapper wd-wpb set-mb-s reset-last-child  wd-rs-630456a8309c5 wd-title-color-default wd-title-style-default text-left  wd-underline-colored\">\n\t\t\t\n\t\t\t<div class=\"liner-continer\">\n\t\t\t\t<h4 class=\"woodmart-title-container title  wd-font-weight-700 wd-fontsize-xxl\" >Genealog\u00eda<\/h4>\n\t\t\t\t\t\t\t<\/div>\n\t\t\t\n\t\t\t\n\t\t\t\n\t\t<\/div>\n\t\t\n\t\t<div class=\"vc_row wpb_row vc_inner vc_row-fluid mq-genealogia vc_column-gap-20 vc_row-o-content-middle vc_row-flex wd-rs-657fc7647e5f4\"><div class=\"wpb_column vc_column_container vc_col-sm-4 vc_col-has-fill wd-rs-6304573b28867\"><div class=\"vc_column-inner vc_custom_1661228888273\"><div class=\"wpb_wrapper\"><h6 style=\"font-size: 25px;color: #000000;line-height: 30px;text-align: left\" class=\"vc_custom_heading\" >Sexto Sentido de la Marqueza<\/h6><\/div><\/div><\/div><div class=\"wpb_column vc_column_container vc_col-sm-4 vc_col-has-fill wd-rs-6304575b0986e\"><div class=\"vc_column-inner vc_custom_1661228910289\"><div class=\"wpb_wrapper\"><p style=\"font-size: 20px;color: #000000;line-height: 30px;text-align: center\" class=\"vc_custom_heading\" >Profeta de la conquista<\/p><div class=\"vc_empty_space\"   style=\"height: 120px\"><span class=\"vc_empty_space_inner\"><\/span><\/div><p style=\"font-size: 20px;color: #000000;line-height: 30px;text-align: center\" class=\"vc_custom_heading\" >Mensajera<\/p><\/div><\/div><\/div><div class=\"wpb_column vc_column_container vc_col-sm-4 wd-rs-630457716dd89\"><div class=\"vc_column-inner vc_custom_1661228923201\"><div class=\"wpb_wrapper\"><p style=\"font-size: 20px;color: #000000;line-height: 30px;text-align: right\" class=\"vc_custom_heading\" >Hermano Sol de Villamilena<\/p><div class=\"vc_empty_space\"   style=\"height: 62px\"><span class=\"vc_empty_space_inner\"><\/span><\/div><p style=\"font-size: 20px;color: #000000;line-height: 30px;text-align: right\" class=\"vc_custom_heading\" >Silueta de Rancho Alegria<\/p><div class=\"vc_empty_space\"   style=\"height: 62px\"><span class=\"vc_empty_space_inner\"><\/span><\/div><p style=\"font-size: 20px;color: #000000;line-height: 30px;text-align: right\" class=\"vc_custom_heading\" >Mensaje de San Esteban<\/p><div class=\"vc_empty_space\"   style=\"height: 62px\"><span class=\"vc_empty_space_inner\"><\/span><\/div><p style=\"font-size: 20px;color: #000000;line-height: 30px;text-align: right\" class=\"vc_custom_heading\" >Sorpresa<\/p><\/div><\/div><\/div><\/div><div class=\"vc_empty_space\"   style=\"height: 62px\"><span class=\"vc_empty_space_inner\"><\/span><\/div><\/div><\/div><\/div><\/div><div class=\"vc_row-full-width vc_clearfix\"><\/div>","protected":false},"excerpt":{"rendered":"<p><strong>Andar:<\/strong> Trocha y galope Colombianos(P2)<\/p>\n<p><strong>Fecha de nacimiento:<\/strong> 2019-07- 21<\/p>\n<p><strong>Sexo:<\/strong> M.<\/p>\n<p><strong>Alzada:<\/strong> 1,44m<\/p>\n<p>Enviar soporte de pago al <a href=\"http:\/\/Usa: https:\/\/wa.me\/573146585326\">(+57)3146585326<\/a> para realizarle el contrato, Factura y programaci\u00f3n de env\u00edos de semen<\/p>","protected":false},"featured_media":12277,"template":"","meta":[],"product_brand":[],"product_cat":[24,25],"product_tag":[],"class_list":{"0":"post-7294","1":"product","2":"type-product","3":"status-publish","4":"has-post-thumbnail","6":"product_cat-reproductores","7":"product_cat-trocha-y-galope-p2","9":"first","10":"instock","11":"shipping-taxable","12":"purchasable","13":"product-type-simple"},"_links":{"self":[{"href":"https:\/\/www.criaderolamarqueza.com\/en\/wp-json\/wp\/v2\/product\/7294","targetHints":{"allow":["GET"]}}],"collection":[{"href":"https:\/\/www.criaderolamarqueza.com\/en\/wp-json\/wp\/v2\/product"}],"about":[{"href":"https:\/\/www.criaderolamarqueza.com\/en\/wp-json\/wp\/v2\/types\/product"}],"wp:featuredmedia":[{"embeddable":true,"href":"https:\/\/www.criaderolamarqueza.com\/en\/wp-json\/wp\/v2\/media\/12277"}],"wp:attachment":[{"href":"https:\/\/www.criaderolamarqueza.com\/en\/wp-json\/wp\/v2\/media?parent=7294"}],"wp:term":[{"taxonomy":"product_brand","embeddable":true,"href":"https:\/\/www.criaderolamarqueza.com\/en\/wp-json\/wp\/v2\/product_brand?post=7294"},{"taxonomy":"product_cat","embeddable":true,"href":"https:\/\/www.criaderolamarqueza.com\/en\/wp-json\/wp\/v2\/product_cat?post=7294"},{"taxonomy":"product_tag","embeddable":true,"href":"https:\/\/www.criaderolamarqueza.com\/en\/wp-json\/wp\/v2\/product_tag?post=7294"}],"curies":[{"name":"wp","href":"https:\/\/api.w.org\/{rel}","templated":true}]}}