{"id":7325,"date":"2024-03-25T16:37:23","date_gmt":"2024-03-25T21:37:23","guid":{"rendered":"https:\/\/www.criaderolamarqueza.com\/?post_type=product&#038;p=7325"},"modified":"2024-03-27T14:04:02","modified_gmt":"2024-03-27T19:04:02","slug":"reina-mantra-de-rancho-la-union","status":"publish","type":"product","link":"https:\/\/www.criaderolamarqueza.com\/en\/product\/reina-mantra-de-rancho-la-union\/","title":{"rendered":"REINA MANTRA DE RANCHO LA UNION"},"content":{"rendered":"<div data-vc-full-width=\"true\" data-vc-full-width-init=\"false\" class=\"vc_row wpb_row vc_row-fluid vc_custom_1661228240978 vc_row-has-fill wd-rs-630454c3bb6c5\"><div class=\"wpb_column vc_column_container vc_col-sm-12\"><div class=\"vc_column-inner\"><div class=\"wpb_wrapper\"><div class=\"vc_row wpb_row vc_inner vc_row-fluid vc_column-gap-20 wd-rs-6304549f78a52\"><div class=\"wpb_column vc_column_container vc_col-sm-12\"><div class=\"vc_column-inner\"><div class=\"wpb_wrapper\">\n\t<div class=\"wpb_text_column wpb_content_element\" >\n\t\t<div class=\"wpb_wrapper\">\n\t\t\t<p style=\"text-align: justify;\">Hija del Gran campe\u00f3n mundial Rey de Reyes de la Gloria en la Zaga de San Juan Qui\u00e9n es hija del gran Prodigio de Mar\u00eda Rosa en la multicampeona y gran reproductora Mantra de A&amp;N qui\u00e9n es hija del Gran campe\u00f3n mundial Mensaje de San Esteban, la Reina Mantra es una yegua que en su Factor X tiene un Linebreeding a Mensaje lo que la convierte en una donante de diagonales con gen\u00e9tica Superior<\/p>\n\n\t\t<\/div>\n\t<\/div>\n<\/div><\/div><\/div><\/div><\/div><\/div><\/div><\/div><div class=\"vc_row-full-width vc_clearfix\"><\/div><div data-vc-full-width=\"true\" data-vc-full-width-init=\"false\" class=\"vc_row wpb_row vc_row-fluid vc_custom_1702872945406 vc_row-has-fill wd-parallax woodmart-parallax wd-bg-center-top wd-rs-657fc76ad3cab\"><div class=\"wpb_column vc_column_container vc_col-sm-12 wd-rs-630456263612b\"><div class=\"vc_column-inner vc_custom_1661228600377\"><div class=\"wpb_wrapper\">\n\t\t<div id=\"wd-630456a8309c5\" class=\"title-wrapper wd-wpb set-mb-s reset-last-child  wd-rs-630456a8309c5 wd-title-color-default wd-title-style-default text-left  wd-underline-colored\">\n\t\t\t\n\t\t\t<div class=\"liner-continer\">\n\t\t\t\t<h4 class=\"woodmart-title-container title  wd-font-weight-700 wd-fontsize-xxl\" >Genealog\u00eda<\/h4>\n\t\t\t\t\t\t\t<\/div>\n\t\t\t\n\t\t\t\n\t\t\t\n\t\t<\/div>\n\t\t\n\t\t<div class=\"vc_row wpb_row vc_inner vc_row-fluid mq-genealogia vc_column-gap-20 vc_row-o-content-middle vc_row-flex wd-rs-657fc7647e5f4\"><div class=\"wpb_column vc_column_container vc_col-sm-4 vc_col-has-fill wd-rs-6304573b28867\"><div class=\"vc_column-inner vc_custom_1661228888273\"><div class=\"wpb_wrapper\"><h6 style=\"font-size: 25px;color: #000000;line-height: 30px;text-align: left\" class=\"vc_custom_heading\" >Reina Mantra de Rancho la Uni\u00f3n<\/h6><\/div><\/div><\/div><div class=\"wpb_column vc_column_container vc_col-sm-4 vc_col-has-fill wd-rs-6304575b0986e\"><div class=\"vc_column-inner vc_custom_1661228910289\"><div class=\"wpb_wrapper\"><p style=\"font-size: 20px;color: #000000;line-height: 30px;text-align: center\" class=\"vc_custom_heading\" >Rey de Reyes de la Gloria<\/p><div class=\"vc_empty_space\"   style=\"height: 120px\"><span class=\"vc_empty_space_inner\"><\/span><\/div><p style=\"font-size: 20px;color: #000000;line-height: 30px;text-align: center\" class=\"vc_custom_heading\" >Zaga de San Juan<\/p><\/div><\/div><\/div><div class=\"wpb_column vc_column_container vc_col-sm-4 wd-rs-630457716dd89\"><div class=\"vc_column-inner vc_custom_1661228923201\"><div class=\"wpb_wrapper\"><p style=\"font-size: 20px;color: #000000;line-height: 30px;text-align: right\" class=\"vc_custom_heading\" >Consul de Gran Dinastia F.C.<\/p><div class=\"vc_empty_space\"   style=\"height: 62px\"><span class=\"vc_empty_space_inner\"><\/span><\/div><p style=\"font-size: 20px;color: #000000;line-height: 30px;text-align: right\" class=\"vc_custom_heading\" >Mensajera<\/p><div class=\"vc_empty_space\"   style=\"height: 62px\"><span class=\"vc_empty_space_inner\"><\/span><\/div><p style=\"font-size: 20px;color: #000000;line-height: 30px;text-align: right\" class=\"vc_custom_heading\" >Prodigio de Maria Rosa<\/p><div class=\"vc_empty_space\"   style=\"height: 62px\"><span class=\"vc_empty_space_inner\"><\/span><\/div><p style=\"font-size: 20px;color: #000000;line-height: 30px;text-align: right\" class=\"vc_custom_heading\" >Mandra de A&amp;N<\/p><\/div><\/div><\/div><\/div><div class=\"vc_empty_space\"   style=\"height: 62px\"><span class=\"vc_empty_space_inner\"><\/span><\/div><\/div><\/div><\/div><\/div><div class=\"vc_row-full-width vc_clearfix\"><\/div><div class=\"vc_row wpb_row vc_row-fluid\"><div class=\"wpb_column vc_column_container vc_col-sm-12\"><div class=\"vc_column-inner\"><div class=\"wpb_wrapper\">\n\t\t<div id=\"wd-65ff13660d30f\" class=\"title-wrapper wd-wpb set-mb-s reset-last-child  wd-rs-65ff13660d30f wd-title-color-default wd-title-style-default text-left  wd-underline-colored\">\n\t\t\t\n\t\t\t<div class=\"liner-continer\">\n\t\t\t\t<h4 class=\"woodmart-title-container title  wd-font-weight-700 wd-fontsize-xxl\" >Videos<\/h4>\n\t\t\t\t\t\t\t<\/div>\n\t\t\t\n\t\t\t\n\t\t\t\n\t\t<\/div>\n\t\t\n\t\t<div class=\"vc_row wpb_row vc_inner vc_row-fluid\"><div class=\"wpb_column vc_column_container vc_col-sm-12\"><div class=\"vc_column-inner\"><div class=\"wpb_wrapper\">\n\t<div class=\"wpb_video_widget wpb_content_element vc_clearfix vc_video-aspect-ratio-169 vc_video-el-width-100 vc_video-align-left\" >\n\t\t<div class=\"wpb_wrapper\">\n\t\t\t\n\t\t\t<div class=\"wpb_video_wrapper\"><iframe loading=\"lazy\" title=\"REINA MANTRA\" width=\"500\" height=\"281\" src=\"https:\/\/www.youtube.com\/embed\/ov08Xe3nHiU?feature=oembed\" frameborder=\"0\" allow=\"accelerometer; autoplay; clipboard-write; encrypted-media; gyroscope; picture-in-picture; web-share\" referrerpolicy=\"strict-origin-when-cross-origin\" allowfullscreen><\/iframe><\/div>\n\t\t<\/div>\n\t<\/div>\n<\/div><\/div><\/div><\/div><\/div><\/div><\/div><\/div>","protected":false},"excerpt":{"rendered":"<p><strong>Andar:<\/strong> Trocha Colombiana (P3)<\/p>\n<p><strong>Fecha de nacimiento:\u00a0<\/strong>2019-09-27<\/p>\n<p><strong>Sexo:<\/strong> H.<\/p>\n<p><strong>Alzada:<\/strong> 1,41m<\/p>","protected":false},"featured_media":7368,"template":"","meta":[],"product_brand":[],"product_cat":[22,18],"product_tag":[],"class_list":{"0":"post-7325","1":"product","2":"type-product","3":"status-publish","4":"has-post-thumbnail","6":"product_cat-trocha-pura-p3","7":"product_cat-yeguas-donantes","9":"first","10":"instock","11":"shipping-taxable","12":"product-type-simple"},"_links":{"self":[{"href":"https:\/\/www.criaderolamarqueza.com\/en\/wp-json\/wp\/v2\/product\/7325","targetHints":{"allow":["GET"]}}],"collection":[{"href":"https:\/\/www.criaderolamarqueza.com\/en\/wp-json\/wp\/v2\/product"}],"about":[{"href":"https:\/\/www.criaderolamarqueza.com\/en\/wp-json\/wp\/v2\/types\/product"}],"wp:featuredmedia":[{"embeddable":true,"href":"https:\/\/www.criaderolamarqueza.com\/en\/wp-json\/wp\/v2\/media\/7368"}],"wp:attachment":[{"href":"https:\/\/www.criaderolamarqueza.com\/en\/wp-json\/wp\/v2\/media?parent=7325"}],"wp:term":[{"taxonomy":"product_brand","embeddable":true,"href":"https:\/\/www.criaderolamarqueza.com\/en\/wp-json\/wp\/v2\/product_brand?post=7325"},{"taxonomy":"product_cat","embeddable":true,"href":"https:\/\/www.criaderolamarqueza.com\/en\/wp-json\/wp\/v2\/product_cat?post=7325"},{"taxonomy":"product_tag","embeddable":true,"href":"https:\/\/www.criaderolamarqueza.com\/en\/wp-json\/wp\/v2\/product_tag?post=7325"}],"curies":[{"name":"wp","href":"https:\/\/api.w.org\/{rel}","templated":true}]}}