{"id":920,"date":"2023-01-03T08:54:52","date_gmt":"2023-01-03T13:54:52","guid":{"rendered":"https:\/\/www.criaderolamarqueza.com\/?post_type=product&#038;p=920"},"modified":"2023-03-23T11:19:34","modified_gmt":"2023-03-23T16:19:34","slug":"pago-membresia-vip","status":"publish","type":"product","link":"https:\/\/www.criaderolamarqueza.com\/en\/product\/pago-membresia-vip\/","title":{"rendered":"PAGO MEMBRES\u00cdA"},"content":{"rendered":"","protected":false},"excerpt":{"rendered":"<p>A\u00f1adir al carrito para poder proceder con el pago del servicio utilizando cualquiera de nuestros m\u00e9todos de pagos.<\/p>","protected":false},"featured_media":927,"template":"","meta":[],"product_brand":[],"product_cat":[17],"product_tag":[],"class_list":{"0":"post-920","1":"product","2":"type-product","3":"status-publish","4":"has-post-thumbnail","6":"product_cat-pagos","8":"first","9":"instock","10":"sold-individually","11":"shipping-taxable","12":"purchasable","13":"product-type-simple"},"_links":{"self":[{"href":"https:\/\/www.criaderolamarqueza.com\/en\/wp-json\/wp\/v2\/product\/920","targetHints":{"allow":["GET"]}}],"collection":[{"href":"https:\/\/www.criaderolamarqueza.com\/en\/wp-json\/wp\/v2\/product"}],"about":[{"href":"https:\/\/www.criaderolamarqueza.com\/en\/wp-json\/wp\/v2\/types\/product"}],"wp:featuredmedia":[{"embeddable":true,"href":"https:\/\/www.criaderolamarqueza.com\/en\/wp-json\/wp\/v2\/media\/927"}],"wp:attachment":[{"href":"https:\/\/www.criaderolamarqueza.com\/en\/wp-json\/wp\/v2\/media?parent=920"}],"wp:term":[{"taxonomy":"product_brand","embeddable":true,"href":"https:\/\/www.criaderolamarqueza.com\/en\/wp-json\/wp\/v2\/product_brand?post=920"},{"taxonomy":"product_cat","embeddable":true,"href":"https:\/\/www.criaderolamarqueza.com\/en\/wp-json\/wp\/v2\/product_cat?post=920"},{"taxonomy":"product_tag","embeddable":true,"href":"https:\/\/www.criaderolamarqueza.com\/en\/wp-json\/wp\/v2\/product_tag?post=920"}],"curies":[{"name":"wp","href":"https:\/\/api.w.org\/{rel}","templated":true}]}}